{"id":11572,"date":"2023-05-23T16:11:11","date_gmt":"2023-05-23T15:11:11","guid":{"rendered":"https:\/\/www.healthyou.it\/prodotto\/zerotox-betamune\/"},"modified":"2024-03-01T00:00:06","modified_gmt":"2024-02-29T23:00:06","slug":"zerotox-betamune","status":"publish","type":"product","link":"https:\/\/www.healthyou.it\/es\/prodotto\/zerotox-betamune\/","title":{"rendered":"Zerotox Betamune"},"content":{"rendered":"<div class=\"short-description\">\n<div class=\"std\"><\/div>\n<\/div>\n<p><strong>Ingredientes<\/strong><\/p>\n<p>Agente de carga: celulosa microcristalina; extracto de hojas de br\u00f3coli (Brassica oleracea L. var italica), betaglucano, inositol; antiaglomerantes: di\u00f3xido de silicio, sales de magnesio de \u00e1cidos grasos; zinc pidolato; agentes de recubrimiento: hidroxipropilmetilcelulosa, talco, polietilenglicol; gluconato de manganeso; colorante: di\u00f3xido de titanio.<\/p>\n<p><strong>Modo de uso<\/strong><\/p>\n<p>Se recomienda tomar de una a dos tabletas al d\u00eda.<\/p>\n<p><strong>Notas<\/strong><\/p>\n<p>Conservar en un lugar fresco y seco. La fecha de caducidad se refiere al producto correctamente almacenado, en su envase \u00edntegro. No superar la dosis diaria recomendada. Mantener fuera del alcance de los ni\u00f1os menores de 3 a\u00f1os. Los suplementos no deben sustituir una dieta variada, equilibrada y un estilo de vida saludable.<\/p>\n<p><strong>Contenidos medios<\/strong><\/p>\n<p>*VNR = Valores nutricionales de referencia diarios para vitaminas y minerales (adultos) seg\u00fan el Reglamento (UE) n.\u00ba 1169\/2011<\/p>\n<table id=\"contenuti-medi\" width=\"100%\">\n<thead>\n<tr>\n<th>Contenidos medios<\/th>\n<th>Por dosis diaria (2 comprimidos)<\/th>\n<th>% VNR*<\/th>\n<\/tr>\n<\/thead>\n<tbody>\n<tr class=\"alt1\">\n<td>Br\u00f3coli es<\/td>\n<td>600 mg<\/td>\n<td><\/td>\n<\/tr>\n<tr class=\"alt2\">\n<td>Betaglucano<\/td>\n<td>160 mg<\/td>\n<td><\/td>\n<\/tr>\n<tr class=\"alt1\">\n<td>Inositol<\/td>\n<td>100 mg<\/td>\n<td><\/td>\n<\/tr>\n<tr class=\"alt2\">\n<td>Zinc<\/td>\n<td>10 mg<\/td>\n<td>100%<\/td>\n<\/tr>\n<tr class=\"alt1\">\n<td>Manganeso<\/td>\n<td>2 mg<\/td>\n<td>100%<\/td>\n<\/tr>\n<\/tbody>\n<\/table>\n","protected":false},"excerpt":{"rendered":"<div class=\"short-description\">\n<div class=\"std\">\n<p>Integrador alimenticio a base de <strong>br\u00f3coli (300 mg), betaglucano (80 mg), inositol (50 mg)<\/strong>, zinc y manganeso. El br\u00f3coli contribuye a la funcionalidad normal del sistema inmunol\u00f3gico. El zinc y el manganeso contribuyen a la protecci\u00f3n de las c\u00e9lulas contra el estr\u00e9s oxidativo.<\/p>\n<p>&nbsp;<\/p>\n<\/div>\n<\/div>\n<div class=\"main-component\">\n<p>Componente principal: <strong>br\u00f3coli (300 mg), betaglucano (80 mg), inositol (50 mg)<\/strong><\/p>\n<p>Comprimidos: 20<\/p>\n<\/div>\n","protected":false},"featured_media":11573,"template":"","meta":{"_uag_custom_page_level_css":""},"product_cat":[129],"product_tag":[],"featured_image_urls":{"full":["https:\/\/www.healthyou.it\/wp-content\/uploads\/2023\/07\/Betamune.jpg",2083,2083,false],"thumbnail":["https:\/\/www.healthyou.it\/wp-content\/uploads\/2023\/07\/Betamune-150x150.jpg",150,150,true],"medium":["https:\/\/www.healthyou.it\/wp-content\/uploads\/2023\/07\/Betamune-300x300.jpg",300,300,true],"medium_large":["https:\/\/www.healthyou.it\/wp-content\/uploads\/2023\/07\/Betamune-768x768.jpg",768,768,true],"large":["https:\/\/www.healthyou.it\/wp-content\/uploads\/2023\/07\/Betamune-1024x1024.jpg",1024,1024,true],"1536x1536":["https:\/\/www.healthyou.it\/wp-content\/uploads\/2023\/07\/Betamune-1536x1536.jpg",1536,1536,true],"2048x2048":["https:\/\/www.healthyou.it\/wp-content\/uploads\/2023\/07\/Betamune-2048x2048.jpg",2048,2048,true],"woocommerce_archive_thumbnail":["https:\/\/www.healthyou.it\/wp-content\/uploads\/2023\/07\/Betamune-400x400.jpg",400,400,true],"woocommerce_thumbnail":["https:\/\/www.healthyou.it\/wp-content\/uploads\/2023\/07\/Betamune-400x400.jpg",400,400,true],"woocommerce_single":["https:\/\/www.healthyou.it\/wp-content\/uploads\/2023\/07\/Betamune-600x600.jpg",600,600,true],"woocommerce_gallery_thumbnail":["https:\/\/www.healthyou.it\/wp-content\/uploads\/2023\/07\/Betamune-100x100.jpg",100,100,true]},"post_excerpt_stackable":"<div class=\"short-description\">\n<div class=\"std\">\n<p>Integrador alimenticio a base de <strong>br\u00f3coli (300 mg), betaglucano (80 mg), inositol (50 mg)<\/strong>, zinc y manganeso. El br\u00f3coli contribuye a la funcionalidad normal del sistema inmunol\u00f3gico. El zinc y el manganeso contribuyen a la protecci\u00f3n de las c\u00e9lulas contra el estr\u00e9s oxidativo.<\/p>\n<p>&nbsp;<\/p>\n<\/div>\n<\/div>\n<div class=\"main-component\">\n<p>Componente principal: <strong>br\u00f3coli (300 mg), betaglucano (80 mg), inositol (50 mg)<\/strong><\/p>\n<p>Comprimidos: 20<\/p>\n<\/div>\n","category_list":"","author_info":{"name":"","url":""},"comments_num":"0 comments","yoast_head":"<!-- This site is optimized with the Yoast SEO plugin v21.3 - https:\/\/yoast.com\/wordpress\/plugins\/seo\/ -->\n<title>Zerotox Betamune - HealthYou<\/title>\n<meta name=\"robots\" content=\"index, follow, max-snippet:-1, max-image-preview:large, max-video-preview:-1\" \/>\n<link rel=\"canonical\" href=\"https:\/\/www.healthyou.it\/prodotto\/zerotox-betamune\/\" \/>\n<meta property=\"og:locale\" content=\"es_ES\" \/>\n<meta property=\"og:type\" content=\"article\" \/>\n<meta property=\"og:title\" content=\"Zerotox Betamune - HealthYou\" \/>\n<meta property=\"og:description\" content=\"Integrador alimenticio a base de br\u00f3coli (300 mg), betaglucano (80 mg), inositol (50 mg), zinc y manganeso. El br\u00f3coli contribuye a la funcionalidad normal del sistema inmunol\u00f3gico. El zinc y el manganeso contribuyen a la protecci\u00f3n de las c\u00e9lulas contra el estr\u00e9s oxidativo.  &nbsp;      Componente principal: br\u00f3coli (300 mg), betaglucano (80 mg), inositol (50 mg)  Comprimidos: 20\" \/>\n<meta property=\"og:url\" content=\"https:\/\/www.healthyou.it\/prodotto\/zerotox-betamune\/\" \/>\n<meta property=\"og:site_name\" content=\"HealthYou\" \/>\n<meta property=\"article:modified_time\" content=\"2024-02-29T23:00:06+00:00\" \/>\n<meta property=\"og:image\" content=\"https:\/\/www.healthyou.it\/wp-content\/uploads\/2023\/07\/Betamune.jpg\" \/>\n\t<meta property=\"og:image:width\" content=\"2083\" \/>\n\t<meta property=\"og:image:height\" content=\"2083\" \/>\n\t<meta property=\"og:image:type\" content=\"image\/jpeg\" \/>\n<meta name=\"twitter:card\" content=\"summary_large_image\" \/>\n<meta name=\"twitter:label1\" content=\"Est. reading time\" \/>\n\t<meta name=\"twitter:data1\" content=\"1 minute\" \/>\n<script type=\"application\/ld+json\" class=\"yoast-schema-graph\">{\"@context\":\"https:\/\/schema.org\",\"@graph\":[{\"@type\":\"WebPage\",\"@id\":\"https:\/\/www.healthyou.it\/prodotto\/zerotox-betamune\/\",\"url\":\"https:\/\/www.healthyou.it\/prodotto\/zerotox-betamune\/\",\"name\":\"Zerotox Betamune - HealthYou\",\"isPartOf\":{\"@id\":\"https:\/\/www.healthyou.it\/#website\"},\"datePublished\":\"2023-05-23T15:11:11+00:00\",\"dateModified\":\"2024-02-29T23:00:06+00:00\",\"breadcrumb\":{\"@id\":\"https:\/\/www.healthyou.it\/prodotto\/zerotox-betamune\/#breadcrumb\"},\"inLanguage\":\"es-ES\",\"potentialAction\":[{\"@type\":\"ReadAction\",\"target\":[\"https:\/\/www.healthyou.it\/prodotto\/zerotox-betamune\/\"]}]},{\"@type\":\"BreadcrumbList\",\"@id\":\"https:\/\/www.healthyou.it\/prodotto\/zerotox-betamune\/#breadcrumb\",\"itemListElement\":[{\"@type\":\"ListItem\",\"position\":1,\"name\":\"Ricerca Prodotti\",\"item\":\"https:\/\/www.healthyou.it\/negozio\/\"},{\"@type\":\"ListItem\",\"position\":2,\"name\":\"Zerotox Betamune\"}]},{\"@type\":\"WebSite\",\"@id\":\"https:\/\/www.healthyou.it\/#website\",\"url\":\"https:\/\/www.healthyou.it\/\",\"name\":\"HealthYou\",\"description\":\"Healthy by Nature\",\"publisher\":{\"@id\":\"https:\/\/www.healthyou.it\/#organization\"},\"potentialAction\":[{\"@type\":\"SearchAction\",\"target\":{\"@type\":\"EntryPoint\",\"urlTemplate\":\"https:\/\/www.healthyou.it\/?s={search_term_string}\"},\"query-input\":\"required name=search_term_string\"}],\"inLanguage\":\"es-ES\"},{\"@type\":\"Organization\",\"@id\":\"https:\/\/www.healthyou.it\/#organization\",\"name\":\"HealthYou\",\"url\":\"https:\/\/www.healthyou.it\/\",\"logo\":{\"@type\":\"ImageObject\",\"inLanguage\":\"es-ES\",\"@id\":\"https:\/\/www.healthyou.it\/#\/schema\/logo\/image\/\",\"url\":\"https:\/\/www.healthyou.it\/wp-content\/uploads\/2023\/05\/cropped-cropped-cropped-Healthyou.png\",\"contentUrl\":\"https:\/\/www.healthyou.it\/wp-content\/uploads\/2023\/05\/cropped-cropped-cropped-Healthyou.png\",\"width\":945,\"height\":278,\"caption\":\"HealthYou\"},\"image\":{\"@id\":\"https:\/\/www.healthyou.it\/#\/schema\/logo\/image\/\"}}]}<\/script>\n<!-- \/ Yoast SEO plugin. -->","yoast_head_json":{"title":"Zerotox Betamune - HealthYou","robots":{"index":"index","follow":"follow","max-snippet":"max-snippet:-1","max-image-preview":"max-image-preview:large","max-video-preview":"max-video-preview:-1"},"canonical":"https:\/\/www.healthyou.it\/prodotto\/zerotox-betamune\/","og_locale":"es_ES","og_type":"article","og_title":"Zerotox Betamune - HealthYou","og_description":"Integrador alimenticio a base de br\u00f3coli (300 mg), betaglucano (80 mg), inositol (50 mg), zinc y manganeso. El br\u00f3coli contribuye a la funcionalidad normal del sistema inmunol\u00f3gico. El zinc y el manganeso contribuyen a la protecci\u00f3n de las c\u00e9lulas contra el estr\u00e9s oxidativo.  &nbsp;      Componente principal: br\u00f3coli (300 mg), betaglucano (80 mg), inositol (50 mg)  Comprimidos: 20","og_url":"https:\/\/www.healthyou.it\/prodotto\/zerotox-betamune\/","og_site_name":"HealthYou","article_modified_time":"2024-02-29T23:00:06+00:00","og_image":[{"width":2083,"height":2083,"url":"https:\/\/www.healthyou.it\/wp-content\/uploads\/2023\/07\/Betamune.jpg","type":"image\/jpeg"}],"twitter_card":"summary_large_image","twitter_misc":{"Est. reading time":"1 minute"},"schema":{"@context":"https:\/\/schema.org","@graph":[{"@type":"WebPage","@id":"https:\/\/www.healthyou.it\/prodotto\/zerotox-betamune\/","url":"https:\/\/www.healthyou.it\/prodotto\/zerotox-betamune\/","name":"Zerotox Betamune - HealthYou","isPartOf":{"@id":"https:\/\/www.healthyou.it\/#website"},"datePublished":"2023-05-23T15:11:11+00:00","dateModified":"2024-02-29T23:00:06+00:00","breadcrumb":{"@id":"https:\/\/www.healthyou.it\/prodotto\/zerotox-betamune\/#breadcrumb"},"inLanguage":"es-ES","potentialAction":[{"@type":"ReadAction","target":["https:\/\/www.healthyou.it\/prodotto\/zerotox-betamune\/"]}]},{"@type":"BreadcrumbList","@id":"https:\/\/www.healthyou.it\/prodotto\/zerotox-betamune\/#breadcrumb","itemListElement":[{"@type":"ListItem","position":1,"name":"Ricerca Prodotti","item":"https:\/\/www.healthyou.it\/negozio\/"},{"@type":"ListItem","position":2,"name":"Zerotox Betamune"}]},{"@type":"WebSite","@id":"https:\/\/www.healthyou.it\/#website","url":"https:\/\/www.healthyou.it\/","name":"HealthYou","description":"Healthy by Nature","publisher":{"@id":"https:\/\/www.healthyou.it\/#organization"},"potentialAction":[{"@type":"SearchAction","target":{"@type":"EntryPoint","urlTemplate":"https:\/\/www.healthyou.it\/?s={search_term_string}"},"query-input":"required name=search_term_string"}],"inLanguage":"es-ES"},{"@type":"Organization","@id":"https:\/\/www.healthyou.it\/#organization","name":"HealthYou","url":"https:\/\/www.healthyou.it\/","logo":{"@type":"ImageObject","inLanguage":"es-ES","@id":"https:\/\/www.healthyou.it\/#\/schema\/logo\/image\/","url":"https:\/\/www.healthyou.it\/wp-content\/uploads\/2023\/05\/cropped-cropped-cropped-Healthyou.png","contentUrl":"https:\/\/www.healthyou.it\/wp-content\/uploads\/2023\/05\/cropped-cropped-cropped-Healthyou.png","width":945,"height":278,"caption":"HealthYou"},"image":{"@id":"https:\/\/www.healthyou.it\/#\/schema\/logo\/image\/"}}]}},"uagb_featured_image_src":{"full":["https:\/\/www.healthyou.it\/wp-content\/uploads\/2023\/07\/Betamune.jpg",2083,2083,false],"thumbnail":["https:\/\/www.healthyou.it\/wp-content\/uploads\/2023\/07\/Betamune-150x150.jpg",150,150,true],"medium":["https:\/\/www.healthyou.it\/wp-content\/uploads\/2023\/07\/Betamune-300x300.jpg",300,300,true],"medium_large":["https:\/\/www.healthyou.it\/wp-content\/uploads\/2023\/07\/Betamune-768x768.jpg",768,768,true],"large":["https:\/\/www.healthyou.it\/wp-content\/uploads\/2023\/07\/Betamune-1024x1024.jpg",1024,1024,true],"1536x1536":["https:\/\/www.healthyou.it\/wp-content\/uploads\/2023\/07\/Betamune-1536x1536.jpg",1536,1536,true],"2048x2048":["https:\/\/www.healthyou.it\/wp-content\/uploads\/2023\/07\/Betamune-2048x2048.jpg",2048,2048,true],"woocommerce_archive_thumbnail":["https:\/\/www.healthyou.it\/wp-content\/uploads\/2023\/07\/Betamune-400x400.jpg",400,400,true],"woocommerce_thumbnail":["https:\/\/www.healthyou.it\/wp-content\/uploads\/2023\/07\/Betamune-400x400.jpg",400,400,true],"woocommerce_single":["https:\/\/www.healthyou.it\/wp-content\/uploads\/2023\/07\/Betamune-600x600.jpg",600,600,true],"woocommerce_gallery_thumbnail":["https:\/\/www.healthyou.it\/wp-content\/uploads\/2023\/07\/Betamune-100x100.jpg",100,100,true]},"uagb_author_info":{"display_name":"Giorgia Garotta","author_link":"https:\/\/www.healthyou.it\/es\/author\/"},"uagb_comment_info":0,"uagb_excerpt":"Integrador alimenticio a base de br\u00f3coli (300 mg), betaglucano (80 mg), inositol (50 mg), zinc y manganeso. El br\u00f3coli contribuye a la funcionalidad normal del sistema inmunol\u00f3gico. El zinc y el manganeso contribuyen a la protecci\u00f3n de las c\u00e9lulas contra el estr\u00e9s oxidativo. &nbsp; Componente principal: br\u00f3coli (300 mg), betaglucano (80 mg), inositol (50 mg)&hellip;","_links":{"self":[{"href":"https:\/\/www.healthyou.it\/es\/wp-json\/wp\/v2\/product\/11572"}],"collection":[{"href":"https:\/\/www.healthyou.it\/es\/wp-json\/wp\/v2\/product"}],"about":[{"href":"https:\/\/www.healthyou.it\/es\/wp-json\/wp\/v2\/types\/product"}],"wp:featuredmedia":[{"embeddable":true,"href":"https:\/\/www.healthyou.it\/es\/wp-json\/wp\/v2\/media\/11573"}],"wp:attachment":[{"href":"https:\/\/www.healthyou.it\/es\/wp-json\/wp\/v2\/media?parent=11572"}],"wp:term":[{"taxonomy":"product_cat","embeddable":true,"href":"https:\/\/www.healthyou.it\/es\/wp-json\/wp\/v2\/product_cat?post=11572"},{"taxonomy":"product_tag","embeddable":true,"href":"https:\/\/www.healthyou.it\/es\/wp-json\/wp\/v2\/product_tag?post=11572"}],"curies":[{"name":"wp","href":"https:\/\/api.w.org\/{rel}","templated":true}]}}