{"id":11570,"date":"2023-05-23T16:31:29","date_gmt":"2023-05-23T15:31:29","guid":{"rendered":"https:\/\/www.healthyou.it\/prodotto\/zerotox-inositox\/"},"modified":"2024-01-09T15:54:03","modified_gmt":"2024-01-09T14:54:03","slug":"zerotox-inositox","status":"publish","type":"product","link":"https:\/\/www.healthyou.it\/es\/prodotto\/zerotox-inositox\/","title":{"rendered":"Zerotox Inositox"},"content":{"rendered":"<p><strong>Ingredientes<\/strong><\/p>\n<p>Inositol, agente de carga: celulosa microcristalina; antiaglomerantes: di\u00f3xido de silicio, estearato de magnesio; pidolato de zinc, agentes de recubrimiento: hidroxipropilmetilcelulosa, talco, polietilenglicoles; gluconato de manganeso, colorante: di\u00f3xido de silicio.<\/p>\n<p><strong>Modo de uso<\/strong><\/p>\n<p>Se recomienda tomar de 1 a 2 tabletas al d\u00eda, preferiblemente por la ma\u00f1ana antes del desayuno.<\/p>\n<p><strong>Notas<\/strong><\/p>\n<p>Conservar en un lugar fresco y seco. La fecha de caducidad se refiere al producto correctamente almacenado, en su envase intacto. No superar la dosis diaria recomendada. Mantener fuera del alcance de los ni\u00f1os menores de 3 a\u00f1os. Los suplementos no deben considerarse como sustitutos de una dieta variada, equilibrada y un estilo de vida saludable.<\/p>\n<p><strong>Advertencias<\/strong><\/p>\n<p>No superar la dosis diaria recomendada. Mantener fuera del alcance de los ni\u00f1os menores de 3 a\u00f1os. Los suplementos no deben considerarse como sustitutos de una dieta variada, equilibrada y un estilo de vida saludable. Conservar en un lugar fresco y seco. La fecha de caducidad se refiere al producto correctamente almacenado, en su envase intacto.<\/p>\n<p><strong>Contenidos medios<\/strong><\/p>\n<p>*VNR = Valores de referencia de nutrientes diarios para vitaminas y minerales (adultos) seg\u00fan el Reglamento (UE) n.\u00ba 1169\/2011<\/p>\n<table id=\"contenuti-medi\" width=\"100%\">\n<thead>\n<tr>\n<th>Componentes<\/th>\n<th>Por dosis diaria 2 tabletas<\/th>\n<th>% VNR*<\/th>\n<\/tr>\n<\/thead>\n<tbody>\n<tr class=\"alt1\">\n<td>Inositol<\/td>\n<td>2.000 mg<\/td>\n<td><\/td>\n<\/tr>\n<tr class=\"alt2\">\n<td>Zinc<\/td>\n<td>10 mg<\/td>\n<td>100%<\/td>\n<\/tr>\n<tr class=\"alt1\">\n<td>Manganeso<\/td>\n<td>2 mg<\/td>\n<td>100%<\/td>\n<\/tr>\n<\/tbody>\n<\/table>\n","protected":false},"excerpt":{"rendered":"<div class=\"short-description\">\n<div class=\"std\">\n<p>Suplemento alimenticio a base de <strong>inositol (1000 mg), zinc (5 mg) y manganeso (1 mg).<\/strong> El zinc ayuda a las funciones cognitivas normales. El manganeso contribuye al metabolismo energ\u00e9tico normal. El zinc y el manganeso contribuyen a la protecci\u00f3n de las c\u00e9lulas contra el estr\u00e9s oxidativo.<\/p>\n<p>Componente principal: <strong>inositol (1000 mg), zinc (5 mg) y manganeso (1 mg)<\/strong><\/p>\n<p>Tabletas: 30<\/p>\n<\/div>\n<\/div>\n","protected":false},"featured_media":11571,"template":"","meta":{"_uag_custom_page_level_css":""},"product_cat":[129],"product_tag":[],"featured_image_urls":{"full":["https:\/\/www.healthyou.it\/wp-content\/uploads\/2023\/07\/Inositox.jpg",2083,2083,false],"thumbnail":["https:\/\/www.healthyou.it\/wp-content\/uploads\/2023\/07\/Inositox-150x150.jpg",150,150,true],"medium":["https:\/\/www.healthyou.it\/wp-content\/uploads\/2023\/07\/Inositox-300x300.jpg",300,300,true],"medium_large":["https:\/\/www.healthyou.it\/wp-content\/uploads\/2023\/07\/Inositox-768x768.jpg",768,768,true],"large":["https:\/\/www.healthyou.it\/wp-content\/uploads\/2023\/07\/Inositox-1024x1024.jpg",1024,1024,true],"1536x1536":["https:\/\/www.healthyou.it\/wp-content\/uploads\/2023\/07\/Inositox-1536x1536.jpg",1536,1536,true],"2048x2048":["https:\/\/www.healthyou.it\/wp-content\/uploads\/2023\/07\/Inositox-2048x2048.jpg",2048,2048,true],"woocommerce_archive_thumbnail":["https:\/\/www.healthyou.it\/wp-content\/uploads\/2023\/07\/Inositox-400x400.jpg",400,400,true],"woocommerce_thumbnail":["https:\/\/www.healthyou.it\/wp-content\/uploads\/2023\/07\/Inositox-400x400.jpg",400,400,true],"woocommerce_single":["https:\/\/www.healthyou.it\/wp-content\/uploads\/2023\/07\/Inositox-600x600.jpg",600,600,true],"woocommerce_gallery_thumbnail":["https:\/\/www.healthyou.it\/wp-content\/uploads\/2023\/07\/Inositox-100x100.jpg",100,100,true]},"post_excerpt_stackable":"<div class=\"short-description\">\n<div class=\"std\">\n<p>Suplemento alimenticio a base de <strong>inositol (1000 mg), zinc (5 mg) y manganeso (1 mg).<\/strong> El zinc ayuda a las funciones cognitivas normales. El manganeso contribuye al metabolismo energ\u00e9tico normal. El zinc y el manganeso contribuyen a la protecci\u00f3n de las c\u00e9lulas contra el estr\u00e9s oxidativo.<\/p>\n<p>Componente principal: <strong>inositol (1000 mg), zinc (5 mg) y manganeso (1 mg)<\/strong><\/p>\n<p>Tabletas: 30<\/p>\n<\/div>\n<\/div>\n","category_list":"","author_info":{"name":"","url":""},"comments_num":"0 comments","yoast_head":"<!-- This site is optimized with the Yoast SEO plugin v21.3 - https:\/\/yoast.com\/wordpress\/plugins\/seo\/ -->\n<title>Zerotox Inositox - HealthYou<\/title>\n<meta name=\"robots\" content=\"index, follow, max-snippet:-1, max-image-preview:large, max-video-preview:-1\" \/>\n<link rel=\"canonical\" href=\"https:\/\/www.healthyou.it\/prodotto\/zerotox-inositox\/\" \/>\n<meta property=\"og:locale\" content=\"es_ES\" \/>\n<meta property=\"og:type\" content=\"article\" \/>\n<meta property=\"og:title\" content=\"Zerotox Inositox - HealthYou\" \/>\n<meta property=\"og:description\" content=\"Suplemento alimenticio a base de inositol (1000 mg), zinc (5 mg) y manganeso (1 mg). El zinc ayuda a las funciones cognitivas normales. El manganeso contribuye al metabolismo energ\u00e9tico normal. El zinc y el manganeso contribuyen a la protecci\u00f3n de las c\u00e9lulas contra el estr\u00e9s oxidativo.  Componente principal: inositol (1000 mg), zinc (5 mg) y manganeso (1 mg)  Tabletas: 30\" \/>\n<meta property=\"og:url\" content=\"https:\/\/www.healthyou.it\/prodotto\/zerotox-inositox\/\" \/>\n<meta property=\"og:site_name\" content=\"HealthYou\" \/>\n<meta property=\"article:modified_time\" content=\"2024-01-09T14:54:03+00:00\" \/>\n<meta property=\"og:image\" content=\"https:\/\/www.healthyou.it\/wp-content\/uploads\/2023\/07\/Inositox.jpg\" \/>\n\t<meta property=\"og:image:width\" content=\"2083\" \/>\n\t<meta property=\"og:image:height\" content=\"2083\" \/>\n\t<meta property=\"og:image:type\" content=\"image\/jpeg\" \/>\n<meta name=\"twitter:card\" content=\"summary_large_image\" \/>\n<meta name=\"twitter:label1\" content=\"Est. reading time\" \/>\n\t<meta name=\"twitter:data1\" content=\"2 minutes\" \/>\n<script type=\"application\/ld+json\" class=\"yoast-schema-graph\">{\"@context\":\"https:\/\/schema.org\",\"@graph\":[{\"@type\":\"WebPage\",\"@id\":\"https:\/\/www.healthyou.it\/prodotto\/zerotox-inositox\/\",\"url\":\"https:\/\/www.healthyou.it\/prodotto\/zerotox-inositox\/\",\"name\":\"Zerotox Inositox - HealthYou\",\"isPartOf\":{\"@id\":\"https:\/\/www.healthyou.it\/#website\"},\"datePublished\":\"2023-05-23T15:31:29+00:00\",\"dateModified\":\"2024-01-09T14:54:03+00:00\",\"breadcrumb\":{\"@id\":\"https:\/\/www.healthyou.it\/prodotto\/zerotox-inositox\/#breadcrumb\"},\"inLanguage\":\"es-ES\",\"potentialAction\":[{\"@type\":\"ReadAction\",\"target\":[\"https:\/\/www.healthyou.it\/prodotto\/zerotox-inositox\/\"]}]},{\"@type\":\"BreadcrumbList\",\"@id\":\"https:\/\/www.healthyou.it\/prodotto\/zerotox-inositox\/#breadcrumb\",\"itemListElement\":[{\"@type\":\"ListItem\",\"position\":1,\"name\":\"Ricerca Prodotti\",\"item\":\"https:\/\/www.healthyou.it\/negozio\/\"},{\"@type\":\"ListItem\",\"position\":2,\"name\":\"Zerotox Inositox\"}]},{\"@type\":\"WebSite\",\"@id\":\"https:\/\/www.healthyou.it\/#website\",\"url\":\"https:\/\/www.healthyou.it\/\",\"name\":\"HealthYou\",\"description\":\"Healthy by Nature\",\"publisher\":{\"@id\":\"https:\/\/www.healthyou.it\/#organization\"},\"potentialAction\":[{\"@type\":\"SearchAction\",\"target\":{\"@type\":\"EntryPoint\",\"urlTemplate\":\"https:\/\/www.healthyou.it\/?s={search_term_string}\"},\"query-input\":\"required name=search_term_string\"}],\"inLanguage\":\"es-ES\"},{\"@type\":\"Organization\",\"@id\":\"https:\/\/www.healthyou.it\/#organization\",\"name\":\"HealthYou\",\"url\":\"https:\/\/www.healthyou.it\/\",\"logo\":{\"@type\":\"ImageObject\",\"inLanguage\":\"es-ES\",\"@id\":\"https:\/\/www.healthyou.it\/#\/schema\/logo\/image\/\",\"url\":\"https:\/\/www.healthyou.it\/wp-content\/uploads\/2023\/05\/cropped-cropped-cropped-Healthyou.png\",\"contentUrl\":\"https:\/\/www.healthyou.it\/wp-content\/uploads\/2023\/05\/cropped-cropped-cropped-Healthyou.png\",\"width\":945,\"height\":278,\"caption\":\"HealthYou\"},\"image\":{\"@id\":\"https:\/\/www.healthyou.it\/#\/schema\/logo\/image\/\"}}]}<\/script>\n<!-- \/ Yoast SEO plugin. -->","yoast_head_json":{"title":"Zerotox Inositox - HealthYou","robots":{"index":"index","follow":"follow","max-snippet":"max-snippet:-1","max-image-preview":"max-image-preview:large","max-video-preview":"max-video-preview:-1"},"canonical":"https:\/\/www.healthyou.it\/prodotto\/zerotox-inositox\/","og_locale":"es_ES","og_type":"article","og_title":"Zerotox Inositox - HealthYou","og_description":"Suplemento alimenticio a base de inositol (1000 mg), zinc (5 mg) y manganeso (1 mg). El zinc ayuda a las funciones cognitivas normales. El manganeso contribuye al metabolismo energ\u00e9tico normal. El zinc y el manganeso contribuyen a la protecci\u00f3n de las c\u00e9lulas contra el estr\u00e9s oxidativo.  Componente principal: inositol (1000 mg), zinc (5 mg) y manganeso (1 mg)  Tabletas: 30","og_url":"https:\/\/www.healthyou.it\/prodotto\/zerotox-inositox\/","og_site_name":"HealthYou","article_modified_time":"2024-01-09T14:54:03+00:00","og_image":[{"width":2083,"height":2083,"url":"https:\/\/www.healthyou.it\/wp-content\/uploads\/2023\/07\/Inositox.jpg","type":"image\/jpeg"}],"twitter_card":"summary_large_image","twitter_misc":{"Est. reading time":"2 minutes"},"schema":{"@context":"https:\/\/schema.org","@graph":[{"@type":"WebPage","@id":"https:\/\/www.healthyou.it\/prodotto\/zerotox-inositox\/","url":"https:\/\/www.healthyou.it\/prodotto\/zerotox-inositox\/","name":"Zerotox Inositox - HealthYou","isPartOf":{"@id":"https:\/\/www.healthyou.it\/#website"},"datePublished":"2023-05-23T15:31:29+00:00","dateModified":"2024-01-09T14:54:03+00:00","breadcrumb":{"@id":"https:\/\/www.healthyou.it\/prodotto\/zerotox-inositox\/#breadcrumb"},"inLanguage":"es-ES","potentialAction":[{"@type":"ReadAction","target":["https:\/\/www.healthyou.it\/prodotto\/zerotox-inositox\/"]}]},{"@type":"BreadcrumbList","@id":"https:\/\/www.healthyou.it\/prodotto\/zerotox-inositox\/#breadcrumb","itemListElement":[{"@type":"ListItem","position":1,"name":"Ricerca Prodotti","item":"https:\/\/www.healthyou.it\/negozio\/"},{"@type":"ListItem","position":2,"name":"Zerotox Inositox"}]},{"@type":"WebSite","@id":"https:\/\/www.healthyou.it\/#website","url":"https:\/\/www.healthyou.it\/","name":"HealthYou","description":"Healthy by Nature","publisher":{"@id":"https:\/\/www.healthyou.it\/#organization"},"potentialAction":[{"@type":"SearchAction","target":{"@type":"EntryPoint","urlTemplate":"https:\/\/www.healthyou.it\/?s={search_term_string}"},"query-input":"required name=search_term_string"}],"inLanguage":"es-ES"},{"@type":"Organization","@id":"https:\/\/www.healthyou.it\/#organization","name":"HealthYou","url":"https:\/\/www.healthyou.it\/","logo":{"@type":"ImageObject","inLanguage":"es-ES","@id":"https:\/\/www.healthyou.it\/#\/schema\/logo\/image\/","url":"https:\/\/www.healthyou.it\/wp-content\/uploads\/2023\/05\/cropped-cropped-cropped-Healthyou.png","contentUrl":"https:\/\/www.healthyou.it\/wp-content\/uploads\/2023\/05\/cropped-cropped-cropped-Healthyou.png","width":945,"height":278,"caption":"HealthYou"},"image":{"@id":"https:\/\/www.healthyou.it\/#\/schema\/logo\/image\/"}}]}},"uagb_featured_image_src":{"full":["https:\/\/www.healthyou.it\/wp-content\/uploads\/2023\/07\/Inositox.jpg",2083,2083,false],"thumbnail":["https:\/\/www.healthyou.it\/wp-content\/uploads\/2023\/07\/Inositox-150x150.jpg",150,150,true],"medium":["https:\/\/www.healthyou.it\/wp-content\/uploads\/2023\/07\/Inositox-300x300.jpg",300,300,true],"medium_large":["https:\/\/www.healthyou.it\/wp-content\/uploads\/2023\/07\/Inositox-768x768.jpg",768,768,true],"large":["https:\/\/www.healthyou.it\/wp-content\/uploads\/2023\/07\/Inositox-1024x1024.jpg",1024,1024,true],"1536x1536":["https:\/\/www.healthyou.it\/wp-content\/uploads\/2023\/07\/Inositox-1536x1536.jpg",1536,1536,true],"2048x2048":["https:\/\/www.healthyou.it\/wp-content\/uploads\/2023\/07\/Inositox-2048x2048.jpg",2048,2048,true],"woocommerce_archive_thumbnail":["https:\/\/www.healthyou.it\/wp-content\/uploads\/2023\/07\/Inositox-400x400.jpg",400,400,true],"woocommerce_thumbnail":["https:\/\/www.healthyou.it\/wp-content\/uploads\/2023\/07\/Inositox-400x400.jpg",400,400,true],"woocommerce_single":["https:\/\/www.healthyou.it\/wp-content\/uploads\/2023\/07\/Inositox-600x600.jpg",600,600,true],"woocommerce_gallery_thumbnail":["https:\/\/www.healthyou.it\/wp-content\/uploads\/2023\/07\/Inositox-100x100.jpg",100,100,true]},"uagb_author_info":{"display_name":"Giorgia Garotta","author_link":"https:\/\/www.healthyou.it\/es\/author\/"},"uagb_comment_info":0,"uagb_excerpt":"Suplemento alimenticio a base de inositol (1000 mg), zinc (5 mg) y manganeso (1 mg). El zinc ayuda a las funciones cognitivas normales. El manganeso contribuye al metabolismo energ\u00e9tico normal. El zinc y el manganeso contribuyen a la protecci\u00f3n de las c\u00e9lulas contra el estr\u00e9s oxidativo. Componente principal: inositol (1000 mg), zinc (5 mg) y&hellip;","_links":{"self":[{"href":"https:\/\/www.healthyou.it\/es\/wp-json\/wp\/v2\/product\/11570"}],"collection":[{"href":"https:\/\/www.healthyou.it\/es\/wp-json\/wp\/v2\/product"}],"about":[{"href":"https:\/\/www.healthyou.it\/es\/wp-json\/wp\/v2\/types\/product"}],"wp:featuredmedia":[{"embeddable":true,"href":"https:\/\/www.healthyou.it\/es\/wp-json\/wp\/v2\/media\/11571"}],"wp:attachment":[{"href":"https:\/\/www.healthyou.it\/es\/wp-json\/wp\/v2\/media?parent=11570"}],"wp:term":[{"taxonomy":"product_cat","embeddable":true,"href":"https:\/\/www.healthyou.it\/es\/wp-json\/wp\/v2\/product_cat?post=11570"},{"taxonomy":"product_tag","embeddable":true,"href":"https:\/\/www.healthyou.it\/es\/wp-json\/wp\/v2\/product_tag?post=11570"}],"curies":[{"name":"wp","href":"https:\/\/api.w.org\/{rel}","templated":true}]}}