{"id":11674,"date":"2019-12-15T11:01:28","date_gmt":"2019-12-15T10:01:28","guid":{"rendered":"https:\/\/www.healthyou.it\/cookie-policy\/"},"modified":"2024-01-18T16:26:46","modified_gmt":"2024-01-18T15:26:46","slug":"cookie-policy","status":"publish","type":"page","link":"https:\/\/www.healthyou.it\/es\/cookie-policy\/","title":{"rendered":"Cookie Policy"},"content":{"rendered":"\n<div class=\"wp-block-stackable-heading stk-block-heading stk-block-heading--v2 stk-block stk-a539aaa\" id=\"cookie-policy\" data-block-id=\"a539aaa\"><h2 class=\"stk-block-heading__text\">Cookie Policy<\/h2><\/div>\n\n\n\n<p>Estimado\/a usuario\/a,<\/p>\n\n\n\n<p>En virtud del art\u00edculo 13 del Reglamento de la Uni\u00f3n Europea n.\u00ba 2016\/679 (en adelante &#8220;GDPR&#8221;), le informamos que el tratamiento de los datos proporcionados por usted se llevar\u00e1 a cabo mediante modalidades y procedimientos destinados a garantizar que el tratamiento de los datos personales se realice respetando los derechos y libertades fundamentales, as\u00ed como la dignidad del interesado, con especial referencia a la confidencialidad y seguridad, la identidad personal y el derecho a la protecci\u00f3n de los datos personales.<\/p>\n\n\n\n<p>Recordamos que por tratamiento se entiende cualquier operaci\u00f3n o conjunto de operaciones, realizadas con o sin la ayuda de procesos automatizados y aplicadas a datos personales o conjuntos de datos personales, como la recopilaci\u00f3n, el registro, la organizaci\u00f3n, la estructuraci\u00f3n, el almacenamiento, la adaptaci\u00f3n o modificaci\u00f3n, la extracci\u00f3n, la consulta, el uso, la comunicaci\u00f3n por transmisi\u00f3n, difusi\u00f3n o cualquier otra forma de puesta a disposici\u00f3n, la comparaci\u00f3n o interconexi\u00f3n, la limitaci\u00f3n, la supresi\u00f3n o la destrucci\u00f3n (art. 4 del GDPR).<\/p>\n\n\n\n<p><strong>\u00bfQu\u00e9 son las cookies?<\/strong><\/p>\n\n\n\n<p>Las cookies son peque\u00f1os archivos de texto enviados al usuario por el sitio web visitado. Se almacenan en el disco duro de la computadora, permitiendo as\u00ed que el sitio web reconozca a los usuarios y almacene cierta informaci\u00f3n sobre ellos para permitir o mejorar el servicio ofrecido.<\/p>\n\n\n\n<p>Existen diferentes tipos de cookies. Algunas son necesarias para navegar por el sitio, otras tienen diferentes prop\u00f3sitos, como garantizar la seguridad interna, administrar el sistema, realizar an\u00e1lisis estad\u00edsticos, comprender qu\u00e9 secciones del sitio son de mayor inter\u00e9s para los usuarios o ofrecer una visita personalizada del sitio.<\/p>\n\n\n\n<p>El sitio utiliza cookies t\u00e9cnicas y no de perfil. Lo anterior se refiere tanto a la computadora del usuario como a cualquier otro dispositivo que el usuario pueda utilizar para conectarse al sitio.<\/p>\n\n\n\n<p><strong>Cookies t\u00e9cnicas<\/strong><\/p>\n\n\n\n<p>Las cookies t\u00e9cnicas son aquellas utilizadas \u00fanicamente con el fin de transmitir una comunicaci\u00f3n a trav\u00e9s de una red de comunicaci\u00f3n electr\u00f3nica, o en la medida estrictamente necesaria para que el proveedor de un servicio de la sociedad de la informaci\u00f3n solicitado expl\u00edcitamente por el abonado o usuario, preste dicho servicio.<\/p>\n\n\n\n<p>No se utilizan para otros fines y generalmente son instaladas directamente por el titular o administrador del sitio web.<\/p>\n\n\n\n<p>Se pueden dividir en cookies de navegaci\u00f3n o de sesi\u00f3n, que garantizan la navegaci\u00f3n y el uso normales del sitio web (por ejemplo, permitir la realizaci\u00f3n de una compra o autenticarse para acceder a \u00e1reas restringidas); cookies de an\u00e1lisis, asimiladas a cookies t\u00e9cnicas cuando son utilizadas directamente por el administrador del sitio para recopilar informaci\u00f3n, de forma agregada, sobre el n\u00famero de usuarios y c\u00f3mo utilizan el sitio; cookies de funcionalidad, que permiten al usuario navegar en funci\u00f3n de una serie de criterios seleccionados (por ejemplo, el idioma, los productos seleccionados para la compra) para mejorar el servicio prestado.<\/p>\n\n\n\n<p><strong>Cookie de perfil<\/strong><\/p>\n\n\n\n<p>Las cookies de perfil est\u00e1n dise\u00f1adas para crear perfiles de usuarios y se utilizan para enviar mensajes publicitarios acordes con las preferencias manifestadas por el usuario durante la navegaci\u00f3n en l\u00ednea.<\/p>\n\n\n\n<p>Se requiere el consentimiento del interesado para utilizar cookies de perfil. Seg\u00fan la disposici\u00f3n n.\u00ba 229 del 8 de mayo de 2014, el usuario debe poder autorizar o denegar el consentimiento para la instalaci\u00f3n de cookies de perfil en caso de que est\u00e9n presentes.<\/p>\n\n\n\n<p>En caso de cookies de terceros, el sitio no tiene un control directo sobre cada cookie y no puede controlarlas (no puede instalarlas ni eliminarlas directamente). Sin embargo, es posible gestionar estas cookies a trav\u00e9s de la configuraci\u00f3n del navegador (consulte las instrucciones a continuaci\u00f3n) o los sitios indicados en la secci\u00f3n &#8220;Gesti\u00f3n de cookies&#8221;. La desactivaci\u00f3n de las cookies puede limitar la capacidad para utilizar el sitio y evitar el aprovechamiento completo de las funciones y servicios disponibles en el sitio. Para decidir qu\u00e9 cookies aceptar y cu\u00e1les rechazar, a continuaci\u00f3n se presenta una descripci\u00f3n de las cookies utilizadas en el sitio.<\/p>\n\n\n\n<p><strong>Tipos de cookies utilizadas<\/strong><\/p>\n\n\n\n<p><strong>Cookies de primera parte<\/strong><br>Las cookies de primera parte (es decir, las cookies que pertenecen al sitio web del editor que las cre\u00f3) est\u00e1n configuradas por el sitio web visitado por el usuario, cuya direcci\u00f3n aparece en la barra de direcciones. El uso de estas cookies nos permite hacer que el sitio funcione eficientemente y realizar un seguimiento de los patrones de comportamiento de los visitantes.<\/p>\n\n\n\n<p><strong>Cookies de terceros<\/strong><br>Las cookies de terceros se configuran desde un dominio diferente al visitado por el usuario. Si un usuario visita un sitio y una empresa diferente env\u00eda informaci\u00f3n aprovechando ese sitio, estamos en presencia de cookies de terceros.<\/p>\n\n\n\n<p><strong>Cookies de sesi\u00f3n<\/strong><br>Las llamadas &#8216;cookies de sesi\u00f3n&#8217; se almacenan temporalmente y se eliminan cuando el usuario cierra el navegador. Si el usuario se registra en el sitio, puede utilizar cookies que recopilan datos personales para identificar al usuario en visitas posteriores y facilitar el acceso\/inicio de sesi\u00f3n en el sitio (por ejemplo, almacenando el nombre de usuario y la contrase\u00f1a del usuario) y la navegaci\u00f3n en el mismo. Adem\u00e1s, Gek S.r.l. utiliza cookies para fines de administraci\u00f3n del sistema. El sitio puede contener enlaces a otros sitios. Gek S.r.l. no tiene acceso ni control sobre las cookies, balizas web y otras tecnolog\u00edas de seguimiento utilizadas en los sitios de terceros a los que el usuario puede acceder desde el sitio, sobre la disponibilidad, cualquier contenido y material publicado u obtenido a trav\u00e9s de dichos sitios y sobre sus respectivos m\u00e9todos de tratamiento de datos personales; en este sentido, dado el gran n\u00famero de estos sitios de terceros, Gek S.r.l. declina expresamente toda responsabilidad al respecto. El usuario debe verificar la pol\u00edtica de privacidad de los sitios de terceros a los que accede desde el sitio para conocer las condiciones aplicables al tratamiento de datos personales, ya que la Pol\u00edtica de privacidad de Gek S.r.l. se aplica solo al sitio, seg\u00fan se define anteriormente.<\/p>\n\n\n\n<p><strong>Cookies persistentes<\/strong><br>Las cookies persistentes se almacenan en el dispositivo de los usuarios entre las sesiones del navegador, lo que permite recordar las preferencias o acciones del usuario en un sitio. Se pueden utilizar para diversos fines, como recordar las preferencias y elecciones cuando se utiliza el sitio.<\/p>\n\n\n\n<p><strong>Cookies esenciales<\/strong><br>Estas cookies son estrictamente necesarias para el funcionamiento del sitio. Sin el uso de estas cookies, algunas partes del sitio no funcionar\u00edan. Incluyen, por ejemplo, las cookies que permiten el acceso a \u00e1reas protegidas del sitio. Estas cookies no recopilan informaci\u00f3n con fines de marketing y no se pueden desactivar.<\/p>\n\n\n\n<p><strong>Cookies funcionales<\/strong><br>Estas cookies sirven para reconocer a un usuario que regresa al sitio. Permiten personalizar el contenido y recordar las preferencias (como el idioma seleccionado o la regi\u00f3n). Estas cookies no recopilan informaci\u00f3n que pueda identificar al usuario. Toda la informaci\u00f3n recopilada es an\u00f3nima.<\/p>\n\n\n\n<p><strong>Cookies de intercambio en redes sociales<\/strong><br>Estas cookies facilitan el intercambio de contenido del sitio a trav\u00e9s de redes sociales como Facebook, Twitter y LinkedIn. Para revisar las respectivas pol\u00edticas de privacidad y cookies, puede visitar los sitios web de las redes sociales. En el caso de Facebook, Twitter y LinkedIn, el usuario puede visitar https:\/\/www.facebook.com\/help\/cookies, https:\/\/twitter.com\/it\/privacy y https:\/\/www.linkedin.com\/legal\/cookie-policy.<\/p>\n\n\n\n<p><strong>Cookies instaladas en este sitio<\/strong><\/p>\n\n\n\n<p>A continuaci\u00f3n se presenta una lista de las principales cookies utilizadas en el sitio y sus descripciones y funciones, incluida la duraci\u00f3n temporal.<\/p>\n\n\n\n<p>Cookie Tercera parte Permanente<\/p>\n\n\n\n<p>Google Analytics https:\/\/policies.google.com\/privacy?hl=espermanente<\/p>\n\n\n\n<p>C\u00f3mo cambiar la configuraci\u00f3n de las cookies<\/p>\n\n\n\n<p>La mayor\u00eda de los navegadores aceptan autom\u00e1ticamente las cookies, pero normalmente el usuario puede cambiar la configuraci\u00f3n para desactivar esta funci\u00f3n. Es posible bloquear todos los tipos de cookies o aceptar solo algunos y desactivar otros.<\/p>\n\n\n\n<p>La secci\u00f3n &#8220;Opciones&#8221; o &#8220;Preferencias&#8221; en el men\u00fa del navegador permite evitar la recepci\u00f3n de cookies y otras tecnolog\u00edas de seguimiento del usuario, y c\u00f3mo recibir notificaciones del navegador sobre la activaci\u00f3n de estas tecnolog\u00edas. Alternativamente, tambi\u00e9n se puede consultar la secci\u00f3n &#8220;Ayuda&#8221; de la barra de herramientas presente en la mayor\u00eda de los navegadores.<\/p>\n\n\n\n<p>Tambi\u00e9n puede seleccionar el navegador que est\u00e1 utilizando en la siguiente lista y seguir las instrucciones:<\/p>\n\n\n\n<p>Internet Explorer (https:\/\/support.microsoft.com\/es-es\/products\/windows?os=windows-10);<\/p>\n\n\n\n<p>Chrome (https:\/\/support.google.com\/chrome\/answer\/95647);<\/p>\n\n\n\n<p>Safari (https:\/\/support.apple.com\/es-es\/HT201265);<\/p>\n\n\n\n<p>Firefox (https:\/\/support.mozilla.org\/es\/kb\/habilitar-y-deshabilitar-cookies-sitios-web-rastrear-preferencias);<\/p>\n\n\n\n<p>Opera (https:\/\/www.opera.com\/help\/tutorials\/security\/).<\/p>\n\n\n\n<p>Desde dispositivos m\u00f3viles:<\/p>\n\n\n\n<p>Android (https:\/\/support.google.com\/chrome\/answer\/95647?hl=es&amp;co=GENIE.Platform%3DAndroid&amp;oco=1);<\/p>\n\n\n\n<p>Safari (https:\/\/support.apple.com\/es-es\/HT201265);<\/p>\n\n\n\n<p>Windows Phone (https:\/\/support.microsoft.com\/es-es\/help\/11696\/windows-phone-7).<\/p>\n\n\n\n<p><strong>Responsable del Tratamiento<\/strong><\/p>\n\n\n\n<p>El Responsable del Tratamiento es Gek S.r.l., Via Frua 22, 20146 Mil\u00e1n (MI), P.I. IT07333890965, Tel\u00e9fono 02 86882477, Correo electr\u00f3nico info@gek-group.com. La lista de responsables y autorizados para el tratamiento est\u00e1 disponible en la sede del titular antes mencionada.<\/p>\n\n\n\n<p><strong>Actualizaci\u00f3n de esta informaci\u00f3n<\/strong><\/p>\n\n\n\n<p>Esta informaci\u00f3n puede sufrir modificaciones. Cualquier cambio sustancial se comunicar\u00e1 a los interesados mediante un aviso o publicaci\u00f3n en el sitio web corporativo.<\/p>\n\n\n\n<div style=\"height:30px\" aria-hidden=\"true\" class=\"wp-block-spacer\"><\/div>\n","protected":false},"excerpt":{"rendered":"<p>Cookie Policy Estimado\/a usuario\/a, En virtud del art\u00edculo 13 del Reglamento de la Uni\u00f3n Europea n.\u00ba 2016\/679 (en adelante &#8220;GDPR&#8221;), le informamos que el tratamiento de los datos proporcionados por usted se llevar\u00e1 a cabo mediante modalidades y procedimientos destinados a garantizar que el tratamiento de los datos personales se realice respetando los derechos y [&hellip;]<\/p>\n","protected":false},"author":1,"featured_media":0,"parent":0,"menu_order":0,"comment_status":"closed","ping_status":"closed","template":"","meta":{"_uag_custom_page_level_css":""},"blocksy_meta":{"styles_descriptor":{"styles":{"desktop":"","tablet":"","mobile":""},"google_fonts":[],"version":6}},"featured_image_urls":{"full":"","thumbnail":"","medium":"","medium_large":"","large":"","1536x1536":"","2048x2048":"","woocommerce_archive_thumbnail":"","woocommerce_thumbnail":"","woocommerce_single":"","woocommerce_gallery_thumbnail":""},"post_excerpt_stackable":"<p>Cookie Policy Estimado\/a usuario\/a, En virtud del art\u00edculo 13 del Reglamento de la Uni\u00f3n Europea n.\u00ba 2016\/679 (en adelante &#8220;GDPR&#8221;), le informamos que el tratamiento de los datos proporcionados por usted se llevar\u00e1 a cabo mediante modalidades y procedimientos destinados a garantizar que el tratamiento de los datos personales se realice respetando los derechos y libertades fundamentales, as\u00ed como la dignidad del interesado, con especial referencia a la confidencialidad y seguridad, la identidad personal y el derecho a la protecci\u00f3n de los datos personales. Recordamos que por tratamiento se entiende cualquier operaci\u00f3n o conjunto de operaciones, realizadas con o sin&hellip;<\/p>\n","category_list":"","author_info":{"name":"admin","url":"https:\/\/www.healthyou.it\/es\/author\/admin\/"},"comments_num":"0 comments","yoast_head":"<!-- This site is optimized with the Yoast SEO plugin v21.3 - https:\/\/yoast.com\/wordpress\/plugins\/seo\/ -->\n<title>Cookie Policy - HealthYou<\/title>\n<meta name=\"robots\" content=\"index, follow, max-snippet:-1, max-image-preview:large, max-video-preview:-1\" \/>\n<link rel=\"canonical\" href=\"https:\/\/www.healthyou.it\/es\/cookie-policy\/\" \/>\n<meta property=\"og:locale\" content=\"es_ES\" \/>\n<meta property=\"og:type\" content=\"article\" \/>\n<meta property=\"og:title\" content=\"Cookie Policy - HealthYou\" \/>\n<meta property=\"og:description\" content=\"Cookie Policy Estimado\/a usuario\/a, En virtud del art\u00edculo 13 del Reglamento de la Uni\u00f3n Europea n.\u00ba 2016\/679 (en adelante &#8220;GDPR&#8221;), le informamos que el tratamiento de los datos proporcionados por usted se llevar\u00e1 a cabo mediante modalidades y procedimientos destinados a garantizar que el tratamiento de los datos personales se realice respetando los derechos y [&hellip;]\" \/>\n<meta property=\"og:url\" content=\"https:\/\/www.healthyou.it\/es\/cookie-policy\/\" \/>\n<meta property=\"og:site_name\" content=\"HealthYou\" \/>\n<meta property=\"article:modified_time\" content=\"2024-01-18T15:26:46+00:00\" \/>\n<meta name=\"twitter:card\" content=\"summary_large_image\" \/>\n<meta name=\"twitter:label1\" content=\"Est. reading time\" \/>\n\t<meta name=\"twitter:data1\" content=\"8 minutes\" \/>\n<script type=\"application\/ld+json\" class=\"yoast-schema-graph\">{\"@context\":\"https:\/\/schema.org\",\"@graph\":[{\"@type\":\"WebPage\",\"@id\":\"https:\/\/www.healthyou.it\/es\/cookie-policy\/\",\"url\":\"https:\/\/www.healthyou.it\/es\/cookie-policy\/\",\"name\":\"Cookie Policy - HealthYou\",\"isPartOf\":{\"@id\":\"https:\/\/www.healthyou.it\/#website\"},\"datePublished\":\"2019-12-15T10:01:28+00:00\",\"dateModified\":\"2024-01-18T15:26:46+00:00\",\"inLanguage\":\"es-ES\",\"potentialAction\":[{\"@type\":\"ReadAction\",\"target\":[\"https:\/\/www.healthyou.it\/es\/cookie-policy\/\"]}]},{\"@type\":\"WebSite\",\"@id\":\"https:\/\/www.healthyou.it\/#website\",\"url\":\"https:\/\/www.healthyou.it\/\",\"name\":\"HealthYou\",\"description\":\"Healthy by Nature\",\"publisher\":{\"@id\":\"https:\/\/www.healthyou.it\/#organization\"},\"potentialAction\":[{\"@type\":\"SearchAction\",\"target\":{\"@type\":\"EntryPoint\",\"urlTemplate\":\"https:\/\/www.healthyou.it\/?s={search_term_string}\"},\"query-input\":\"required name=search_term_string\"}],\"inLanguage\":\"es-ES\"},{\"@type\":\"Organization\",\"@id\":\"https:\/\/www.healthyou.it\/#organization\",\"name\":\"HealthYou\",\"url\":\"https:\/\/www.healthyou.it\/\",\"logo\":{\"@type\":\"ImageObject\",\"inLanguage\":\"es-ES\",\"@id\":\"https:\/\/www.healthyou.it\/#\/schema\/logo\/image\/\",\"url\":\"https:\/\/www.healthyou.it\/wp-content\/uploads\/2023\/05\/cropped-cropped-cropped-Healthyou.png\",\"contentUrl\":\"https:\/\/www.healthyou.it\/wp-content\/uploads\/2023\/05\/cropped-cropped-cropped-Healthyou.png\",\"width\":945,\"height\":278,\"caption\":\"HealthYou\"},\"image\":{\"@id\":\"https:\/\/www.healthyou.it\/#\/schema\/logo\/image\/\"}}]}<\/script>\n<!-- \/ Yoast SEO plugin. -->","yoast_head_json":{"title":"Cookie Policy - HealthYou","robots":{"index":"index","follow":"follow","max-snippet":"max-snippet:-1","max-image-preview":"max-image-preview:large","max-video-preview":"max-video-preview:-1"},"canonical":"https:\/\/www.healthyou.it\/es\/cookie-policy\/","og_locale":"es_ES","og_type":"article","og_title":"Cookie Policy - HealthYou","og_description":"Cookie Policy Estimado\/a usuario\/a, En virtud del art\u00edculo 13 del Reglamento de la Uni\u00f3n Europea n.\u00ba 2016\/679 (en adelante &#8220;GDPR&#8221;), le informamos que el tratamiento de los datos proporcionados por usted se llevar\u00e1 a cabo mediante modalidades y procedimientos destinados a garantizar que el tratamiento de los datos personales se realice respetando los derechos y [&hellip;]","og_url":"https:\/\/www.healthyou.it\/es\/cookie-policy\/","og_site_name":"HealthYou","article_modified_time":"2024-01-18T15:26:46+00:00","twitter_card":"summary_large_image","twitter_misc":{"Est. reading time":"8 minutes"},"schema":{"@context":"https:\/\/schema.org","@graph":[{"@type":"WebPage","@id":"https:\/\/www.healthyou.it\/es\/cookie-policy\/","url":"https:\/\/www.healthyou.it\/es\/cookie-policy\/","name":"Cookie Policy - HealthYou","isPartOf":{"@id":"https:\/\/www.healthyou.it\/#website"},"datePublished":"2019-12-15T10:01:28+00:00","dateModified":"2024-01-18T15:26:46+00:00","inLanguage":"es-ES","potentialAction":[{"@type":"ReadAction","target":["https:\/\/www.healthyou.it\/es\/cookie-policy\/"]}]},{"@type":"WebSite","@id":"https:\/\/www.healthyou.it\/#website","url":"https:\/\/www.healthyou.it\/","name":"HealthYou","description":"Healthy by Nature","publisher":{"@id":"https:\/\/www.healthyou.it\/#organization"},"potentialAction":[{"@type":"SearchAction","target":{"@type":"EntryPoint","urlTemplate":"https:\/\/www.healthyou.it\/?s={search_term_string}"},"query-input":"required name=search_term_string"}],"inLanguage":"es-ES"},{"@type":"Organization","@id":"https:\/\/www.healthyou.it\/#organization","name":"HealthYou","url":"https:\/\/www.healthyou.it\/","logo":{"@type":"ImageObject","inLanguage":"es-ES","@id":"https:\/\/www.healthyou.it\/#\/schema\/logo\/image\/","url":"https:\/\/www.healthyou.it\/wp-content\/uploads\/2023\/05\/cropped-cropped-cropped-Healthyou.png","contentUrl":"https:\/\/www.healthyou.it\/wp-content\/uploads\/2023\/05\/cropped-cropped-cropped-Healthyou.png","width":945,"height":278,"caption":"HealthYou"},"image":{"@id":"https:\/\/www.healthyou.it\/#\/schema\/logo\/image\/"}}]}},"uagb_featured_image_src":{"full":false,"thumbnail":false,"medium":false,"medium_large":false,"large":false,"1536x1536":false,"2048x2048":false,"woocommerce_archive_thumbnail":false,"woocommerce_thumbnail":false,"woocommerce_single":false,"woocommerce_gallery_thumbnail":false},"uagb_author_info":{"display_name":"admin","author_link":"https:\/\/www.healthyou.it\/es\/author\/admin\/"},"uagb_comment_info":0,"uagb_excerpt":"Cookie Policy Estimado\/a usuario\/a, En virtud del art\u00edculo 13 del Reglamento de la Uni\u00f3n Europea n.\u00ba 2016\/679 (en adelante &#8220;GDPR&#8221;), le informamos que el tratamiento de los datos proporcionados por usted se llevar\u00e1 a cabo mediante modalidades y procedimientos destinados a garantizar que el tratamiento de los datos personales se realice respetando los derechos y&hellip;","_links":{"self":[{"href":"https:\/\/www.healthyou.it\/es\/wp-json\/wp\/v2\/pages\/11674"}],"collection":[{"href":"https:\/\/www.healthyou.it\/es\/wp-json\/wp\/v2\/pages"}],"about":[{"href":"https:\/\/www.healthyou.it\/es\/wp-json\/wp\/v2\/types\/page"}],"author":[{"embeddable":true,"href":"https:\/\/www.healthyou.it\/es\/wp-json\/wp\/v2\/users\/1"}],"replies":[{"embeddable":true,"href":"https:\/\/www.healthyou.it\/es\/wp-json\/wp\/v2\/comments?post=11674"}],"version-history":[{"count":2,"href":"https:\/\/www.healthyou.it\/es\/wp-json\/wp\/v2\/pages\/11674\/revisions"}],"predecessor-version":[{"id":11679,"href":"https:\/\/www.healthyou.it\/es\/wp-json\/wp\/v2\/pages\/11674\/revisions\/11679"}],"wp:attachment":[{"href":"https:\/\/www.healthyou.it\/es\/wp-json\/wp\/v2\/media?parent=11674"}],"curies":[{"name":"wp","href":"https:\/\/api.w.org\/{rel}","templated":true}]}}