{"id":11671,"date":"2022-05-05T11:31:23","date_gmt":"2022-05-05T10:31:23","guid":{"rendered":"https:\/\/www.healthyou.it\/privacy-policy\/"},"modified":"2024-01-18T16:27:23","modified_gmt":"2024-01-18T15:27:23","slug":"privacy-policy","status":"publish","type":"page","link":"https:\/\/www.healthyou.it\/es\/privacy-policy\/","title":{"rendered":"Privacy Policy"},"content":{"rendered":"\n<div class=\"wp-block-stackable-heading stk-block-heading stk-block-heading--v2 stk-block stk-f3d5c44\" id=\"privacy-policy\" data-block-id=\"f3d5c44\"><h2 class=\"stk-block-heading__text\">Privacy Policy<\/h2><\/div>\n\n\n\n<p>Gentil usuario,<\/p>\n\n\n\n<p>En virtud del Art\u00edculo 13 del Reglamento de la UE n.\u00ba 2016\/679 (en adelante, &#8220;GDPR&#8221;), le informamos que el tratamiento de los datos proporcionados por usted se llevar\u00e1 a cabo con m\u00e9todos y procedimientos destinados a garantizar que el tratamiento de los datos personales se realice respetando los derechos y libertades fundamentales, as\u00ed como la dignidad del interesado, con especial atenci\u00f3n a la confidencialidad y seguridad, a la identidad personal y al derecho a la protecci\u00f3n de los datos personales.<\/p>\n\n\n\n<p>Recordamos que por tratamiento se entiende cualquier operaci\u00f3n o conjunto de operaciones, realizadas con o sin el uso de procesos automatizados y aplicadas a datos personales o conjuntos de datos personales, como la recopilaci\u00f3n, el registro, la organizaci\u00f3n, la estructuraci\u00f3n, la conservaci\u00f3n, la adaptaci\u00f3n o modificaci\u00f3n, la extracci\u00f3n, la consulta, el uso, la comunicaci\u00f3n por transmisi\u00f3n, difusi\u00f3n o cualquier otra forma de puesta a disposici\u00f3n, la comparaci\u00f3n o la interconexi\u00f3n, la limitaci\u00f3n, la supresi\u00f3n o la destrucci\u00f3n (art. 4 GDPR).<\/p>\n\n\n\n<p><strong>Objeto del tratamiento y origen de los datos<\/strong><\/p>\n\n\n\n<p>Gek S.r.l., con el fin de gestionar sus solicitudes de informaci\u00f3n, requiere el tratamiento de los siguientes datos:<\/p>\n\n\n\n<p>Necesarios: nombre, apellido y direcci\u00f3n de correo electr\u00f3nico;<\/p>\n\n\n\n<p>Opcionales: tipo de usuario (si es privado, m\u00e9dico, farmac\u00e9utico o bi\u00f3logo\/nutricionista).<\/p>\n\n\n\n<p><strong>Base legal del tratamiento<\/strong><\/p>\n\n\n\n<p>La base legal de este tratamiento se encuentra en la necesidad de gestionar las solicitudes de informaci\u00f3n enviadas de forma espont\u00e1nea por el interesado, lo cual se encuadra en los casos previstos en el art. 6.1, letra b) del GDPR.<\/p>\n\n\n\n<p><strong>Finalidad del tratamiento<\/strong><\/p>\n\n\n\n<p>Los datos personales y cualquier modificaci\u00f3n que pueda comunicar en el futuro a Gek S.r.l. se recopilan y tratan \u00fanicamente para dar respuesta a sus solicitudes de informaci\u00f3n.<\/p>\n\n\n\n<p><strong>Modalidades de tratamiento<\/strong><\/p>\n\n\n\n<p>El tratamiento se limita a las siguientes operaciones y modalidades:<\/p>\n\n\n\n<p>Recopilaci\u00f3n de datos del interesado, mediante la cumplimentaci\u00f3n de formularios en l\u00ednea;<\/p>\n\n\n\n<p>Registro y procesamiento en soporte inform\u00e1tico;<\/p>\n\n\n\n<p>Organizaci\u00f3n de archivos de forma predominantemente automatizada, a trav\u00e9s de aplicaciones y registros inform\u00e1ticos de la empresa;<\/p>\n\n\n\n<p>Comunicaci\u00f3n de sus datos a terceros debidamente autorizados por el Responsable del Tratamiento.<\/p>\n\n\n\n<p>El tratamiento de los datos se llevar\u00e1 a cabo mediante herramientas que garanticen la confidencialidad, integridad y disponibilidad, cumpliendo con las medidas t\u00e9cnicas y organizativas de seguridad adecuadas previstas por el GDPR.<\/p>\n\n\n\n<p>El tratamiento se realiza mediante sistemas informativos y\/o automatizados e incluir\u00e1 todas las operaciones o conjunto de operaciones previstas en el art. 4 del GDPR y necesarias para el tratamiento en cuesti\u00f3n, incluida la comunicaci\u00f3n a los sujetos autorizados para el propio tratamiento.<\/p>\n\n\n\n<p>Los datos en cuesti\u00f3n no ser\u00e1n objeto de difusi\u00f3n, pero podr\u00edan ser o ser\u00e1n comunicados a terceros, ya sean p\u00fablicos o privados, que operan en el \u00e1mbito de las finalidades mencionadas anteriormente.<\/p>\n\n\n\n<p><strong>Conservaci\u00f3n de los datos<\/strong><\/p>\n\n\n\n<p>El Titular tratar\u00e1 sus datos personales para cumplir con las finalidades establecidas en el punto 3 dentro del plazo de 1 a\u00f1o, contado a partir del procesamiento de la solicitud.<\/p>\n\n\n\n<p><strong>Acceso al tratamiento<\/strong><\/p>\n\n\n\n<p>Los datos ser\u00e1n accesibles, para las finalidades establecidas en el punto n.\u00ba 3:<\/p>\n\n\n\n<p>a los empleados\/colaboradores en calidad de autorizados para el tratamiento, previa nombramiento adecuado;<\/p>\n\n\n\n<p>a terceros identificados como Responsables del tratamiento por el Titular del tratamiento de datos.<\/p>\n\n\n\n<p>Sus datos no se comunicar\u00e1n a terceros no autorizados.<\/p>\n\n\n\n<p>Sus datos no ser\u00e1n objeto de difusi\u00f3n de ninguna manera. Con este fin, el tratamiento se lleva a cabo utilizando medidas de seguridad adecuadas para evitar el acceso no autorizado por parte de terceros y garantizar su confidencialidad.<\/p>\n\n\n\n<p><strong>Comunicaci\u00f3n de datos<\/strong><\/p>\n\n\n\n<p>Sus datos no se comunicar\u00e1n a terceros no autorizados. Esta comunicaci\u00f3n no se llevar\u00e1 a cabo a terceros no autorizados.<\/p>\n\n\n\n<p>Sus datos no ser\u00e1n objeto de difusi\u00f3n de ninguna manera. Con este fin, el tratamiento se lleva a cabo utilizando medidas de seguridad adecuadas para evitar el acceso no autorizado por parte de terceros y garantizar su confidencialidad.<\/p>\n\n\n\n<p><strong>Transferencia de datos<\/strong><\/p>\n\n\n\n<p>La gesti\u00f3n y conservaci\u00f3n de los datos personales se llevar\u00e1 a cabo en servidores ubicados dentro de la Uni\u00f3n Europea del Titular y\/o de terceras empresas debidamente designadas como Responsables del tratamiento.<\/p>\n\n\n\n<p>Los datos no se transferir\u00e1n fuera de la Uni\u00f3n Europea.<\/p>\n\n\n\n<p>Naturaleza de la provisi\u00f3n de datos y consecuencias de la negativa<\/p>\n\n\n\n<p>La provisi\u00f3n de datos para las finalidades establecidas en el punto 3 es obligatoria. En su ausencia, no ser\u00e1 posible enviar la solicitud de informaci\u00f3n.<br>La provisi\u00f3n de datos sobre el tipo de usuario (si es privado, m\u00e9dico, farmac\u00e9utico o bi\u00f3logo\/nutricionista) es de naturaleza meramente opcional y, por lo tanto, no impedir\u00e1 el env\u00edo de la misma solicitud.<\/p>\n\n\n\n<p><strong>Derechos del interesado<\/strong><\/p>\n\n\n\n<p>Seg\u00fan lo dispuesto en el GDPR, el interesado tiene los siguientes derechos frente al Responsable del Tratamiento:<\/p>\n\n\n\n<ul>\n<li>obtener confirmaci\u00f3n de si se est\u00e1 llevando a cabo o no un tratamiento de datos personales que le conciernen y, en tal caso, obtener acceso a los datos personales (Derecho de acceso, art. 15);<\/li>\n<\/ul>\n\n\n\n<ul>\n<li>obtener la rectificaci\u00f3n de los datos personales inexactos que le conciernen sin demora injustificada (Derecho de rectificaci\u00f3n, art. 16);<\/li>\n<\/ul>\n\n\n\n<ul>\n<li>obtener la supresi\u00f3n de los datos personales que le conciernen sin demora injustificada y el responsable del tratamiento tiene la obligaci\u00f3n de suprimir sin demora injustificada los datos personales si concurren ciertas condiciones (Derecho al olvido, art. 17);<\/li>\n<\/ul>\n\n\n\n<ul>\n<li>obtener la limitaci\u00f3n del tratamiento en ciertos casos (Derecho a la limitaci\u00f3n del tratamiento, art. 18);<\/li>\n<\/ul>\n\n\n\n<ul>\n<li>recibir en un formato estructurado, de uso com\u00fan y lectura mec\u00e1nica los datos personales que le conciernen y tiene derecho a transmitir esos datos a otro responsable del tratamiento, sin impedimentos por parte del responsable del tratamiento al que se los hubiera facilitado, en determinados casos (Derecho a la portabilidad de los datos, art. 20);<\/li>\n<\/ul>\n\n\n\n<ul>\n<li>oponerse en cualquier momento, por motivos relacionados con su situaci\u00f3n particular, al tratamiento de los datos personales que le conciernen (Derecho de oposici\u00f3n, art. 21);<\/li>\n<\/ul>\n\n\n\n<ul>\n<li>recibir comunicaci\u00f3n de una violaci\u00f3n de los datos personales su frida por el Responsable del Tratamiento sin demora innecesaria (Art. 34);<\/li>\n<\/ul>\n\n\n\n<ul>\n<li>revocar el consentimiento otorgado en cualquier momento (Condiciones para el consentimiento, art. 7).<\/li>\n<\/ul>\n\n\n\n<p>En caso de aplicabilidad, el interesado tambi\u00e9n tiene los derechos establecidos en los art\u00edculos 16-21 del GDPR (Derecho de rectificaci\u00f3n, derecho al olvido, derecho a la limitaci\u00f3n del tratamiento, derecho a la portabilidad de los datos, derecho de oposici\u00f3n), as\u00ed como el derecho a presentar una queja ante la Autoridad de Control.<\/p>\n\n\n\n<p><strong>Modo de ejercicio del derecho<\/strong><\/p>\n\n\n\n<p>Env\u00edo de un mensaje a la siguiente direcci\u00f3n de correo electr\u00f3nico dedicada del Responsable del Tratamiento:&nbsp;info@gek-group.com.<\/p>\n\n\n\n<p><strong>Responsable del Tratamiento<\/strong><\/p>\n\n\n\n<p>El Responsable del Tratamiento es Gek S.r.l., Via G. Frua 22, 20146 Mil\u00e1n, P.I. 07333890965, Tel. 02 86882477,&nbsp;privacy@gek-group.com. La lista de responsables y autorizados para el tratamiento se puede consultar en la sede del titular mencionado anteriormente.<\/p>\n\n\n\n<p>Delegado de Protecci\u00f3n de Datos (o Data Protection Officer)<\/p>\n\n\n\n<p>El Delegado de Protecci\u00f3n de Datos es Frareg S.r.l., P.I. 11157810158, Viale E. Jenner 38, Mil\u00e1n (MI), tel. 02 69010030,&nbsp;dpo@frareg.com.<\/p>\n\n\n\n<p><strong>Actualizaci\u00f3n de la presente informaci\u00f3n<\/strong><\/p>\n\n\n\n<p>La presente informaci\u00f3n puede sufrir modificaciones. Cualquier cambio sustancial ser\u00e1 comunicado a los interesados mediante aviso o publicaci\u00f3n en el sitio web de la empresa.<\/p>\n\n\n\n<div style=\"height:30px\" aria-hidden=\"true\" class=\"wp-block-spacer\"><\/div>\n","protected":false},"excerpt":{"rendered":"<p>Privacy Policy Gentil usuario, En virtud del Art\u00edculo 13 del Reglamento de la UE n.\u00ba 2016\/679 (en adelante, &#8220;GDPR&#8221;), le informamos que el tratamiento de los datos proporcionados por usted se llevar\u00e1 a cabo con m\u00e9todos y procedimientos destinados a garantizar que el tratamiento de los datos personales se realice respetando los derechos y libertades [&hellip;]<\/p>\n","protected":false},"author":1,"featured_media":0,"parent":0,"menu_order":0,"comment_status":"closed","ping_status":"closed","template":"","meta":{"_uag_custom_page_level_css":""},"blocksy_meta":{"styles_descriptor":{"styles":{"desktop":"","tablet":"","mobile":""},"google_fonts":[],"version":6}},"featured_image_urls":{"full":"","thumbnail":"","medium":"","medium_large":"","large":"","1536x1536":"","2048x2048":"","woocommerce_archive_thumbnail":"","woocommerce_thumbnail":"","woocommerce_single":"","woocommerce_gallery_thumbnail":""},"post_excerpt_stackable":"<p>Privacy Policy Gentil usuario, En virtud del Art\u00edculo 13 del Reglamento de la UE n.\u00ba 2016\/679 (en adelante, &#8220;GDPR&#8221;), le informamos que el tratamiento de los datos proporcionados por usted se llevar\u00e1 a cabo con m\u00e9todos y procedimientos destinados a garantizar que el tratamiento de los datos personales se realice respetando los derechos y libertades fundamentales, as\u00ed como la dignidad del interesado, con especial atenci\u00f3n a la confidencialidad y seguridad, a la identidad personal y al derecho a la protecci\u00f3n de los datos personales. Recordamos que por tratamiento se entiende cualquier operaci\u00f3n o conjunto de operaciones, realizadas con o sin&hellip;<\/p>\n","category_list":"","author_info":{"name":"admin","url":"https:\/\/www.healthyou.it\/es\/author\/admin\/"},"comments_num":"0 comments","yoast_head":"<!-- This site is optimized with the Yoast SEO plugin v21.3 - https:\/\/yoast.com\/wordpress\/plugins\/seo\/ -->\n<title>Privacy Policy - HealthYou<\/title>\n<meta name=\"robots\" content=\"index, follow, max-snippet:-1, max-image-preview:large, max-video-preview:-1\" \/>\n<link rel=\"canonical\" href=\"https:\/\/www.healthyou.it\/es\/privacy-policy\/\" \/>\n<meta property=\"og:locale\" content=\"es_ES\" \/>\n<meta property=\"og:type\" content=\"article\" \/>\n<meta property=\"og:title\" content=\"Privacy Policy - HealthYou\" \/>\n<meta property=\"og:description\" content=\"Privacy Policy Gentil usuario, En virtud del Art\u00edculo 13 del Reglamento de la UE n.\u00ba 2016\/679 (en adelante, &#8220;GDPR&#8221;), le informamos que el tratamiento de los datos proporcionados por usted se llevar\u00e1 a cabo con m\u00e9todos y procedimientos destinados a garantizar que el tratamiento de los datos personales se realice respetando los derechos y libertades [&hellip;]\" \/>\n<meta property=\"og:url\" content=\"https:\/\/www.healthyou.it\/es\/privacy-policy\/\" \/>\n<meta property=\"og:site_name\" content=\"HealthYou\" \/>\n<meta property=\"article:modified_time\" content=\"2024-01-18T15:27:23+00:00\" \/>\n<meta name=\"twitter:card\" content=\"summary_large_image\" \/>\n<meta name=\"twitter:label1\" content=\"Est. reading time\" \/>\n\t<meta name=\"twitter:data1\" content=\"7 minutes\" \/>\n<script type=\"application\/ld+json\" class=\"yoast-schema-graph\">{\"@context\":\"https:\/\/schema.org\",\"@graph\":[{\"@type\":\"WebPage\",\"@id\":\"https:\/\/www.healthyou.it\/es\/privacy-policy\/\",\"url\":\"https:\/\/www.healthyou.it\/es\/privacy-policy\/\",\"name\":\"Privacy Policy - HealthYou\",\"isPartOf\":{\"@id\":\"https:\/\/www.healthyou.it\/#website\"},\"datePublished\":\"2022-05-05T10:31:23+00:00\",\"dateModified\":\"2024-01-18T15:27:23+00:00\",\"inLanguage\":\"es-ES\",\"potentialAction\":[{\"@type\":\"ReadAction\",\"target\":[\"https:\/\/www.healthyou.it\/es\/privacy-policy\/\"]}]},{\"@type\":\"WebSite\",\"@id\":\"https:\/\/www.healthyou.it\/#website\",\"url\":\"https:\/\/www.healthyou.it\/\",\"name\":\"HealthYou\",\"description\":\"Healthy by Nature\",\"publisher\":{\"@id\":\"https:\/\/www.healthyou.it\/#organization\"},\"potentialAction\":[{\"@type\":\"SearchAction\",\"target\":{\"@type\":\"EntryPoint\",\"urlTemplate\":\"https:\/\/www.healthyou.it\/?s={search_term_string}\"},\"query-input\":\"required name=search_term_string\"}],\"inLanguage\":\"es-ES\"},{\"@type\":\"Organization\",\"@id\":\"https:\/\/www.healthyou.it\/#organization\",\"name\":\"HealthYou\",\"url\":\"https:\/\/www.healthyou.it\/\",\"logo\":{\"@type\":\"ImageObject\",\"inLanguage\":\"es-ES\",\"@id\":\"https:\/\/www.healthyou.it\/#\/schema\/logo\/image\/\",\"url\":\"https:\/\/www.healthyou.it\/wp-content\/uploads\/2023\/05\/cropped-cropped-cropped-Healthyou.png\",\"contentUrl\":\"https:\/\/www.healthyou.it\/wp-content\/uploads\/2023\/05\/cropped-cropped-cropped-Healthyou.png\",\"width\":945,\"height\":278,\"caption\":\"HealthYou\"},\"image\":{\"@id\":\"https:\/\/www.healthyou.it\/#\/schema\/logo\/image\/\"}}]}<\/script>\n<!-- \/ Yoast SEO plugin. -->","yoast_head_json":{"title":"Privacy Policy - HealthYou","robots":{"index":"index","follow":"follow","max-snippet":"max-snippet:-1","max-image-preview":"max-image-preview:large","max-video-preview":"max-video-preview:-1"},"canonical":"https:\/\/www.healthyou.it\/es\/privacy-policy\/","og_locale":"es_ES","og_type":"article","og_title":"Privacy Policy - HealthYou","og_description":"Privacy Policy Gentil usuario, En virtud del Art\u00edculo 13 del Reglamento de la UE n.\u00ba 2016\/679 (en adelante, &#8220;GDPR&#8221;), le informamos que el tratamiento de los datos proporcionados por usted se llevar\u00e1 a cabo con m\u00e9todos y procedimientos destinados a garantizar que el tratamiento de los datos personales se realice respetando los derechos y libertades [&hellip;]","og_url":"https:\/\/www.healthyou.it\/es\/privacy-policy\/","og_site_name":"HealthYou","article_modified_time":"2024-01-18T15:27:23+00:00","twitter_card":"summary_large_image","twitter_misc":{"Est. reading time":"7 minutes"},"schema":{"@context":"https:\/\/schema.org","@graph":[{"@type":"WebPage","@id":"https:\/\/www.healthyou.it\/es\/privacy-policy\/","url":"https:\/\/www.healthyou.it\/es\/privacy-policy\/","name":"Privacy Policy - HealthYou","isPartOf":{"@id":"https:\/\/www.healthyou.it\/#website"},"datePublished":"2022-05-05T10:31:23+00:00","dateModified":"2024-01-18T15:27:23+00:00","inLanguage":"es-ES","potentialAction":[{"@type":"ReadAction","target":["https:\/\/www.healthyou.it\/es\/privacy-policy\/"]}]},{"@type":"WebSite","@id":"https:\/\/www.healthyou.it\/#website","url":"https:\/\/www.healthyou.it\/","name":"HealthYou","description":"Healthy by Nature","publisher":{"@id":"https:\/\/www.healthyou.it\/#organization"},"potentialAction":[{"@type":"SearchAction","target":{"@type":"EntryPoint","urlTemplate":"https:\/\/www.healthyou.it\/?s={search_term_string}"},"query-input":"required name=search_term_string"}],"inLanguage":"es-ES"},{"@type":"Organization","@id":"https:\/\/www.healthyou.it\/#organization","name":"HealthYou","url":"https:\/\/www.healthyou.it\/","logo":{"@type":"ImageObject","inLanguage":"es-ES","@id":"https:\/\/www.healthyou.it\/#\/schema\/logo\/image\/","url":"https:\/\/www.healthyou.it\/wp-content\/uploads\/2023\/05\/cropped-cropped-cropped-Healthyou.png","contentUrl":"https:\/\/www.healthyou.it\/wp-content\/uploads\/2023\/05\/cropped-cropped-cropped-Healthyou.png","width":945,"height":278,"caption":"HealthYou"},"image":{"@id":"https:\/\/www.healthyou.it\/#\/schema\/logo\/image\/"}}]}},"uagb_featured_image_src":{"full":false,"thumbnail":false,"medium":false,"medium_large":false,"large":false,"1536x1536":false,"2048x2048":false,"woocommerce_archive_thumbnail":false,"woocommerce_thumbnail":false,"woocommerce_single":false,"woocommerce_gallery_thumbnail":false},"uagb_author_info":{"display_name":"admin","author_link":"https:\/\/www.healthyou.it\/es\/author\/admin\/"},"uagb_comment_info":0,"uagb_excerpt":"Privacy Policy Gentil usuario, En virtud del Art\u00edculo 13 del Reglamento de la UE n.\u00ba 2016\/679 (en adelante, &#8220;GDPR&#8221;), le informamos que el tratamiento de los datos proporcionados por usted se llevar\u00e1 a cabo con m\u00e9todos y procedimientos destinados a garantizar que el tratamiento de los datos personales se realice respetando los derechos y libertades&hellip;","_links":{"self":[{"href":"https:\/\/www.healthyou.it\/es\/wp-json\/wp\/v2\/pages\/11671"}],"collection":[{"href":"https:\/\/www.healthyou.it\/es\/wp-json\/wp\/v2\/pages"}],"about":[{"href":"https:\/\/www.healthyou.it\/es\/wp-json\/wp\/v2\/types\/page"}],"author":[{"embeddable":true,"href":"https:\/\/www.healthyou.it\/es\/wp-json\/wp\/v2\/users\/1"}],"replies":[{"embeddable":true,"href":"https:\/\/www.healthyou.it\/es\/wp-json\/wp\/v2\/comments?post=11671"}],"version-history":[{"count":2,"href":"https:\/\/www.healthyou.it\/es\/wp-json\/wp\/v2\/pages\/11671\/revisions"}],"predecessor-version":[{"id":11680,"href":"https:\/\/www.healthyou.it\/es\/wp-json\/wp\/v2\/pages\/11671\/revisions\/11680"}],"wp:attachment":[{"href":"https:\/\/www.healthyou.it\/es\/wp-json\/wp\/v2\/media?parent=11671"}],"curies":[{"name":"wp","href":"https:\/\/api.w.org\/{rel}","templated":true}]}}