{"id":11660,"date":"2023-05-26T10:53:36","date_gmt":"2023-05-26T09:53:36","guid":{"rendered":"https:\/\/www.healthyou.it\/spedizione\/"},"modified":"2024-01-17T17:05:34","modified_gmt":"2024-01-17T16:05:34","slug":"spedizione","status":"publish","type":"page","link":"https:\/\/www.healthyou.it\/es\/spedizione\/","title":{"rendered":"Env\u00edo"},"content":{"rendered":"\n<div class=\"wp-block-stackable-heading stk-block-heading stk-block-heading--v2 stk-block stk-ec2a6d1\" id=\"envio\" data-block-id=\"ec2a6d1\"><h2 class=\"stk-block-heading__text stk-block-heading--use-theme-margins\">Env\u00edo<\/h2><\/div>\n\n\n\n<p>Los env\u00edos se realizan con el servicio de mensajer\u00eda expr\u00e9s Bartolini, seg\u00fan diferentes modalidades que podr\u00e1s elegir directamente al finalizar la compra, una vez acreditado el pago. Si decides pagar mediante transferencia bancaria, para el env\u00edo ser\u00e1 necesario esperar la confirmaci\u00f3n de la acreditaci\u00f3n.<\/p>\n\n\n\n<p>Hay dos modalidades de env\u00edo:<\/p>\n\n\n\n<p><strong>Courier Expr\u00e9s<\/strong><\/p>\n\n\n\n<p>La forma de entrega m\u00e1s r\u00e1pida y econ\u00f3mica: siempre pagas solo 5,90 \u20ac y recibes tus productos en 24\/48 horas desde la recepci\u00f3n de la mercanc\u00eda por parte del mensajero, salvo algunas localidades desfavorecidas.<\/p>\n\n\n\n<p><strong>Servicio Prioritario<\/strong><\/p>\n\n\n\n<p>\u00bfNecesitas recibir los productos con urgencia o prefieres recibirlos por la ma\u00f1ana para tener la tarde libre? Entonces puedes solicitar el Servicio Prioritario y, con un costo de 7,50 \u20ac, se garantiza la entrega antes de las 12 del mediod\u00eda.<\/p>\n\n\n\n<p>El mensajero realizar\u00e1 la primera entrega sin previo aviso en el domicilio indicado al finalizar la orden. En caso de ausencia del destinatario, el mensajero dejar\u00e1 un aviso y volver\u00e1 a intentar la entrega en las 24 horas siguientes. En caso de otra ausencia, se dejar\u00e1 nuevamente un aviso y el cliente ser\u00e1 contactado por el mensajero para el tercer intento. Si esto tampoco tiene \u00e9xito, el cliente ser\u00e1 contactado por el Centro de Llamadas del mensajero para acordar una cita para la entrega. Si incluso el cuarto intento no tiene \u00e9xito, la mercanc\u00eda se devolver\u00e1 a Healthyou con la consiguiente cancelaci\u00f3n del pedido y el cargo de los gastos de env\u00edo.<\/p>\n\n\n\n<p>Las entregas se realizan desde el transportista hasta el nivel de la calle (sin entrega en el piso). En el momento de la entrega de la mercanc\u00eda por parte del mensajero, el cliente debe verificar:<\/p>\n\n\n\n<ul>\n<li>que el n\u00famero de paquetes entregados coincida con lo indicado en el documento de transporte;<\/li>\n\n\n\n<li>que el embalaje est\u00e9 intacto, no da\u00f1ado, ni mojado ni alterado, incluso en cuanto a los materiales de cierre (cinta adhesiva o flejes met\u00e1licos).<\/li>\n<\/ul>\n\n\n\n<p>Cualquier da\u00f1o o falta de correspondencia en el n\u00famero de paquetes o indicaciones debe ser impugnado inmediatamente al mensajero, quien realizar\u00e1 la entrega, colocando la leyenda &#8220;Reserva de control de la mercanc\u00eda&#8221; en el documento acompa\u00f1ante correspondiente.<\/p>\n\n\n\n<p>El costo de los gastos de env\u00edo para toda Italia es de 5,90 \u20ac por cada env\u00edo, hasta 49 \u20ac de gasto.<\/p>\n\n\n\n<p>Para pedidos superiores a 50 \u20ac, los gastos de env\u00edo son gratuitos.<\/p>\n","protected":false},"excerpt":{"rendered":"<p>Env\u00edo Los env\u00edos se realizan con el servicio de mensajer\u00eda expr\u00e9s Bartolini, seg\u00fan diferentes modalidades que podr\u00e1s elegir directamente al finalizar la compra, una vez acreditado el pago. Si decides pagar mediante transferencia bancaria, para el env\u00edo ser\u00e1 necesario esperar la confirmaci\u00f3n de la acreditaci\u00f3n. Hay dos modalidades de env\u00edo: Courier Expr\u00e9s La forma de [&hellip;]<\/p>\n","protected":false},"author":8,"featured_media":0,"parent":0,"menu_order":0,"comment_status":"closed","ping_status":"closed","template":"","meta":{"_uag_custom_page_level_css":""},"blocksy_meta":[],"featured_image_urls":{"full":"","thumbnail":"","medium":"","medium_large":"","large":"","1536x1536":"","2048x2048":"","woocommerce_archive_thumbnail":"","woocommerce_thumbnail":"","woocommerce_single":"","woocommerce_gallery_thumbnail":""},"post_excerpt_stackable":"<p>Env\u00edo Los env\u00edos se realizan con el servicio de mensajer\u00eda expr\u00e9s Bartolini, seg\u00fan diferentes modalidades que podr\u00e1s elegir directamente al finalizar la compra, una vez acreditado el pago. Si decides pagar mediante transferencia bancaria, para el env\u00edo ser\u00e1 necesario esperar la confirmaci\u00f3n de la acreditaci\u00f3n. Hay dos modalidades de env\u00edo: Courier Expr\u00e9s La forma de entrega m\u00e1s r\u00e1pida y econ\u00f3mica: siempre pagas solo 5,90 \u20ac y recibes tus productos en 24\/48 horas desde la recepci\u00f3n de la mercanc\u00eda por parte del mensajero, salvo algunas localidades desfavorecidas. Servicio Prioritario \u00bfNecesitas recibir los productos con urgencia o prefieres recibirlos por la ma\u00f1ana&hellip;<\/p>\n","category_list":"","author_info":{"name":"Giorgia Garotta","url":"https:\/\/www.healthyou.it\/es\/author\/giorgia\/"},"comments_num":"0 comments","yoast_head":"<!-- This site is optimized with the Yoast SEO plugin v21.3 - https:\/\/yoast.com\/wordpress\/plugins\/seo\/ -->\n<title>Env\u00edo - HealthYou<\/title>\n<meta name=\"robots\" content=\"index, follow, max-snippet:-1, max-image-preview:large, max-video-preview:-1\" \/>\n<link rel=\"canonical\" href=\"https:\/\/www.healthyou.it\/es\/spedizione\/\" \/>\n<meta property=\"og:locale\" content=\"es_ES\" \/>\n<meta property=\"og:type\" content=\"article\" \/>\n<meta property=\"og:title\" content=\"Env\u00edo - HealthYou\" \/>\n<meta property=\"og:description\" content=\"Env\u00edo Los env\u00edos se realizan con el servicio de mensajer\u00eda expr\u00e9s Bartolini, seg\u00fan diferentes modalidades que podr\u00e1s elegir directamente al finalizar la compra, una vez acreditado el pago. Si decides pagar mediante transferencia bancaria, para el env\u00edo ser\u00e1 necesario esperar la confirmaci\u00f3n de la acreditaci\u00f3n. Hay dos modalidades de env\u00edo: Courier Expr\u00e9s La forma de [&hellip;]\" \/>\n<meta property=\"og:url\" content=\"https:\/\/www.healthyou.it\/es\/spedizione\/\" \/>\n<meta property=\"og:site_name\" content=\"HealthYou\" \/>\n<meta property=\"article:modified_time\" content=\"2024-01-17T16:05:34+00:00\" \/>\n<meta name=\"twitter:card\" content=\"summary_large_image\" \/>\n<meta name=\"twitter:label1\" content=\"Est. reading time\" \/>\n\t<meta name=\"twitter:data1\" content=\"3 minutes\" \/>\n<script type=\"application\/ld+json\" class=\"yoast-schema-graph\">{\"@context\":\"https:\/\/schema.org\",\"@graph\":[{\"@type\":\"WebPage\",\"@id\":\"https:\/\/www.healthyou.it\/es\/spedizione\/\",\"url\":\"https:\/\/www.healthyou.it\/es\/spedizione\/\",\"name\":\"Env\u00edo - HealthYou\",\"isPartOf\":{\"@id\":\"https:\/\/www.healthyou.it\/#website\"},\"datePublished\":\"2023-05-26T09:53:36+00:00\",\"dateModified\":\"2024-01-17T16:05:34+00:00\",\"inLanguage\":\"es-ES\",\"potentialAction\":[{\"@type\":\"ReadAction\",\"target\":[\"https:\/\/www.healthyou.it\/es\/spedizione\/\"]}]},{\"@type\":\"WebSite\",\"@id\":\"https:\/\/www.healthyou.it\/#website\",\"url\":\"https:\/\/www.healthyou.it\/\",\"name\":\"HealthYou\",\"description\":\"Healthy by Nature\",\"publisher\":{\"@id\":\"https:\/\/www.healthyou.it\/#organization\"},\"potentialAction\":[{\"@type\":\"SearchAction\",\"target\":{\"@type\":\"EntryPoint\",\"urlTemplate\":\"https:\/\/www.healthyou.it\/?s={search_term_string}\"},\"query-input\":\"required name=search_term_string\"}],\"inLanguage\":\"es-ES\"},{\"@type\":\"Organization\",\"@id\":\"https:\/\/www.healthyou.it\/#organization\",\"name\":\"HealthYou\",\"url\":\"https:\/\/www.healthyou.it\/\",\"logo\":{\"@type\":\"ImageObject\",\"inLanguage\":\"es-ES\",\"@id\":\"https:\/\/www.healthyou.it\/#\/schema\/logo\/image\/\",\"url\":\"https:\/\/www.healthyou.it\/wp-content\/uploads\/2023\/05\/cropped-cropped-cropped-Healthyou.png\",\"contentUrl\":\"https:\/\/www.healthyou.it\/wp-content\/uploads\/2023\/05\/cropped-cropped-cropped-Healthyou.png\",\"width\":945,\"height\":278,\"caption\":\"HealthYou\"},\"image\":{\"@id\":\"https:\/\/www.healthyou.it\/#\/schema\/logo\/image\/\"}}]}<\/script>\n<!-- \/ Yoast SEO plugin. -->","yoast_head_json":{"title":"Env\u00edo - HealthYou","robots":{"index":"index","follow":"follow","max-snippet":"max-snippet:-1","max-image-preview":"max-image-preview:large","max-video-preview":"max-video-preview:-1"},"canonical":"https:\/\/www.healthyou.it\/es\/spedizione\/","og_locale":"es_ES","og_type":"article","og_title":"Env\u00edo - HealthYou","og_description":"Env\u00edo Los env\u00edos se realizan con el servicio de mensajer\u00eda expr\u00e9s Bartolini, seg\u00fan diferentes modalidades que podr\u00e1s elegir directamente al finalizar la compra, una vez acreditado el pago. Si decides pagar mediante transferencia bancaria, para el env\u00edo ser\u00e1 necesario esperar la confirmaci\u00f3n de la acreditaci\u00f3n. Hay dos modalidades de env\u00edo: Courier Expr\u00e9s La forma de [&hellip;]","og_url":"https:\/\/www.healthyou.it\/es\/spedizione\/","og_site_name":"HealthYou","article_modified_time":"2024-01-17T16:05:34+00:00","twitter_card":"summary_large_image","twitter_misc":{"Est. reading time":"3 minutes"},"schema":{"@context":"https:\/\/schema.org","@graph":[{"@type":"WebPage","@id":"https:\/\/www.healthyou.it\/es\/spedizione\/","url":"https:\/\/www.healthyou.it\/es\/spedizione\/","name":"Env\u00edo - HealthYou","isPartOf":{"@id":"https:\/\/www.healthyou.it\/#website"},"datePublished":"2023-05-26T09:53:36+00:00","dateModified":"2024-01-17T16:05:34+00:00","inLanguage":"es-ES","potentialAction":[{"@type":"ReadAction","target":["https:\/\/www.healthyou.it\/es\/spedizione\/"]}]},{"@type":"WebSite","@id":"https:\/\/www.healthyou.it\/#website","url":"https:\/\/www.healthyou.it\/","name":"HealthYou","description":"Healthy by Nature","publisher":{"@id":"https:\/\/www.healthyou.it\/#organization"},"potentialAction":[{"@type":"SearchAction","target":{"@type":"EntryPoint","urlTemplate":"https:\/\/www.healthyou.it\/?s={search_term_string}"},"query-input":"required name=search_term_string"}],"inLanguage":"es-ES"},{"@type":"Organization","@id":"https:\/\/www.healthyou.it\/#organization","name":"HealthYou","url":"https:\/\/www.healthyou.it\/","logo":{"@type":"ImageObject","inLanguage":"es-ES","@id":"https:\/\/www.healthyou.it\/#\/schema\/logo\/image\/","url":"https:\/\/www.healthyou.it\/wp-content\/uploads\/2023\/05\/cropped-cropped-cropped-Healthyou.png","contentUrl":"https:\/\/www.healthyou.it\/wp-content\/uploads\/2023\/05\/cropped-cropped-cropped-Healthyou.png","width":945,"height":278,"caption":"HealthYou"},"image":{"@id":"https:\/\/www.healthyou.it\/#\/schema\/logo\/image\/"}}]}},"uagb_featured_image_src":{"full":false,"thumbnail":false,"medium":false,"medium_large":false,"large":false,"1536x1536":false,"2048x2048":false,"woocommerce_archive_thumbnail":false,"woocommerce_thumbnail":false,"woocommerce_single":false,"woocommerce_gallery_thumbnail":false},"uagb_author_info":{"display_name":"Giorgia Garotta","author_link":"https:\/\/www.healthyou.it\/es\/author\/giorgia\/"},"uagb_comment_info":0,"uagb_excerpt":"Env\u00edo Los env\u00edos se realizan con el servicio de mensajer\u00eda expr\u00e9s Bartolini, seg\u00fan diferentes modalidades que podr\u00e1s elegir directamente al finalizar la compra, una vez acreditado el pago. Si decides pagar mediante transferencia bancaria, para el env\u00edo ser\u00e1 necesario esperar la confirmaci\u00f3n de la acreditaci\u00f3n. Hay dos modalidades de env\u00edo: Courier Expr\u00e9s La forma de&hellip;","_links":{"self":[{"href":"https:\/\/www.healthyou.it\/es\/wp-json\/wp\/v2\/pages\/11660"}],"collection":[{"href":"https:\/\/www.healthyou.it\/es\/wp-json\/wp\/v2\/pages"}],"about":[{"href":"https:\/\/www.healthyou.it\/es\/wp-json\/wp\/v2\/types\/page"}],"author":[{"embeddable":true,"href":"https:\/\/www.healthyou.it\/es\/wp-json\/wp\/v2\/users\/8"}],"replies":[{"embeddable":true,"href":"https:\/\/www.healthyou.it\/es\/wp-json\/wp\/v2\/comments?post=11660"}],"version-history":[{"count":2,"href":"https:\/\/www.healthyou.it\/es\/wp-json\/wp\/v2\/pages\/11660\/revisions"}],"predecessor-version":[{"id":11665,"href":"https:\/\/www.healthyou.it\/es\/wp-json\/wp\/v2\/pages\/11660\/revisions\/11665"}],"wp:attachment":[{"href":"https:\/\/www.healthyou.it\/es\/wp-json\/wp\/v2\/media?parent=11660"}],"curies":[{"name":"wp","href":"https:\/\/api.w.org\/{rel}","templated":true}]}}