{"id":11659,"date":"2023-05-26T10:50:50","date_gmt":"2023-05-26T09:50:50","guid":{"rendered":"https:\/\/www.healthyou.it\/resi-e-rimborsi\/"},"modified":"2024-01-17T17:00:06","modified_gmt":"2024-01-17T16:00:06","slug":"resi-e-rimborsi","status":"publish","type":"page","link":"https:\/\/www.healthyou.it\/es\/resi-e-rimborsi\/","title":{"rendered":"Devoluciones y reembolsos"},"content":{"rendered":"\n<div class=\"wp-block-stackable-heading stk-block-heading stk-block-heading--v2 stk-block stk-5a20742\" id=\"devoluciones-y-reembolsos\" data-block-id=\"5a20742\"><h2 class=\"stk-block-heading__text stk-block-heading--use-theme-margins\">Devoluciones y reembolsos<\/h2><\/div>\n\n\n\n<p>Para cancelar la compra, el cliente deber\u00e1 comunicar su voluntad a Healthyou en un plazo no superior a 10 d\u00edas h\u00e1biles desde la recepci\u00f3n de los productos adquiridos. La comunicaci\u00f3n deber\u00e1 realizarse por correo electr\u00f3nico, para confirmarse en las 48 horas siguientes mediante carta certificada con acuse de recibo que se enviar\u00e1 al remitente del env\u00edo. Esta deber\u00e1 especificar los productos adquiridos, su ID de pedido correspondiente y la voluntad de cancelar la compra. La respuesta de Healthyou se realizar\u00e1 por correo electr\u00f3nico, y el cliente deber\u00e1 enviar en un plazo de 10 d\u00edas h\u00e1biles (la fecha de transmisi\u00f3n del correo electr\u00f3nico por parte del fabricante ser\u00e1 vinculante) los productos que desea devolver.<\/p>\n\n\n\n<p>ATENCI\u00d3N: De acuerdo con el art. 5 del D. Lgs. 185\/99, el incumplimiento de todas las normas anteriores conlleva la p\u00e9rdida del derecho de cancelaci\u00f3n.<\/p>\n\n\n\n<p>El env\u00edo de los productos devueltos puede realizarse mediante cualquier medio elegido por el cliente. Los gastos de env\u00edo correr\u00e1n a cargo del cliente.<\/p>\n\n\n\n<p>Una vez recibidos los productos objeto de la devoluci\u00f3n, Healthyou proceder\u00e1 de manera oportuna, dentro de los 30 d\u00edas h\u00e1biles siguientes a la recepci\u00f3n de los productos, a enviar el material que el cliente desee como reemplazo o a reembolsar la suma pagada por la compra de los productos. El transporte de retorno y, en su caso, el transporte para la sustituci\u00f3n de art\u00edculos siempre correr\u00e1n a cargo del cliente.<\/p>\n\n\n\n<p>ATENCI\u00d3N: El derecho de cancelaci\u00f3n solo puede ejercerse si la mercanc\u00eda est\u00e1 perfectamente intacta en todas sus partes y no se ha utilizado. Por lo tanto, los paquetes devueltos no deben presentar da\u00f1os en el embalaje. Healthyou no se hace responsable de posibles da\u00f1os en los productos ocurridos durante el env\u00edo de la devoluci\u00f3n. En caso de recibir art\u00edculos de devoluci\u00f3n da\u00f1ados o manipulados, Healthyou no proceder\u00e1 al reembolso del importe pagado por la compra de los productos.<\/p>\n","protected":false},"excerpt":{"rendered":"<p>Devoluciones y reembolsos Para cancelar la compra, el cliente deber\u00e1 comunicar su voluntad a Healthyou en un plazo no superior a 10 d\u00edas h\u00e1biles desde la recepci\u00f3n de los productos adquiridos. La comunicaci\u00f3n deber\u00e1 realizarse por correo electr\u00f3nico, para confirmarse en las 48 horas siguientes mediante carta certificada con acuse de recibo que se enviar\u00e1 [&hellip;]<\/p>\n","protected":false},"author":8,"featured_media":0,"parent":0,"menu_order":0,"comment_status":"closed","ping_status":"closed","template":"","meta":{"_uag_custom_page_level_css":""},"blocksy_meta":[],"featured_image_urls":{"full":"","thumbnail":"","medium":"","medium_large":"","large":"","1536x1536":"","2048x2048":"","woocommerce_archive_thumbnail":"","woocommerce_thumbnail":"","woocommerce_single":"","woocommerce_gallery_thumbnail":""},"post_excerpt_stackable":"<p>Devoluciones y reembolsos Para cancelar la compra, el cliente deber\u00e1 comunicar su voluntad a Healthyou en un plazo no superior a 10 d\u00edas h\u00e1biles desde la recepci\u00f3n de los productos adquiridos. La comunicaci\u00f3n deber\u00e1 realizarse por correo electr\u00f3nico, para confirmarse en las 48 horas siguientes mediante carta certificada con acuse de recibo que se enviar\u00e1 al remitente del env\u00edo. Esta deber\u00e1 especificar los productos adquiridos, su ID de pedido correspondiente y la voluntad de cancelar la compra. La respuesta de Healthyou se realizar\u00e1 por correo electr\u00f3nico, y el cliente deber\u00e1 enviar en un plazo de 10 d\u00edas h\u00e1biles (la fecha&hellip;<\/p>\n","category_list":"","author_info":{"name":"Giorgia Garotta","url":"https:\/\/www.healthyou.it\/es\/author\/giorgia\/"},"comments_num":"0 comments","yoast_head":"<!-- This site is optimized with the Yoast SEO plugin v21.3 - https:\/\/yoast.com\/wordpress\/plugins\/seo\/ -->\n<title>Devoluciones y reembolsos - HealthYou<\/title>\n<meta name=\"robots\" content=\"index, follow, max-snippet:-1, max-image-preview:large, max-video-preview:-1\" \/>\n<link rel=\"canonical\" href=\"https:\/\/www.healthyou.it\/es\/resi-e-rimborsi\/\" \/>\n<meta property=\"og:locale\" content=\"es_ES\" \/>\n<meta property=\"og:type\" content=\"article\" \/>\n<meta property=\"og:title\" content=\"Devoluciones y reembolsos - HealthYou\" \/>\n<meta property=\"og:description\" content=\"Devoluciones y reembolsos Para cancelar la compra, el cliente deber\u00e1 comunicar su voluntad a Healthyou en un plazo no superior a 10 d\u00edas h\u00e1biles desde la recepci\u00f3n de los productos adquiridos. La comunicaci\u00f3n deber\u00e1 realizarse por correo electr\u00f3nico, para confirmarse en las 48 horas siguientes mediante carta certificada con acuse de recibo que se enviar\u00e1 [&hellip;]\" \/>\n<meta property=\"og:url\" content=\"https:\/\/www.healthyou.it\/es\/resi-e-rimborsi\/\" \/>\n<meta property=\"og:site_name\" content=\"HealthYou\" \/>\n<meta property=\"article:modified_time\" content=\"2024-01-17T16:00:06+00:00\" \/>\n<meta name=\"twitter:card\" content=\"summary_large_image\" \/>\n<meta name=\"twitter:label1\" content=\"Est. reading time\" \/>\n\t<meta name=\"twitter:data1\" content=\"2 minutes\" \/>\n<script type=\"application\/ld+json\" class=\"yoast-schema-graph\">{\"@context\":\"https:\/\/schema.org\",\"@graph\":[{\"@type\":\"WebPage\",\"@id\":\"https:\/\/www.healthyou.it\/es\/resi-e-rimborsi\/\",\"url\":\"https:\/\/www.healthyou.it\/es\/resi-e-rimborsi\/\",\"name\":\"Devoluciones y reembolsos - HealthYou\",\"isPartOf\":{\"@id\":\"https:\/\/www.healthyou.it\/#website\"},\"datePublished\":\"2023-05-26T09:50:50+00:00\",\"dateModified\":\"2024-01-17T16:00:06+00:00\",\"inLanguage\":\"es-ES\",\"potentialAction\":[{\"@type\":\"ReadAction\",\"target\":[\"https:\/\/www.healthyou.it\/es\/resi-e-rimborsi\/\"]}]},{\"@type\":\"WebSite\",\"@id\":\"https:\/\/www.healthyou.it\/#website\",\"url\":\"https:\/\/www.healthyou.it\/\",\"name\":\"HealthYou\",\"description\":\"Healthy by Nature\",\"publisher\":{\"@id\":\"https:\/\/www.healthyou.it\/#organization\"},\"potentialAction\":[{\"@type\":\"SearchAction\",\"target\":{\"@type\":\"EntryPoint\",\"urlTemplate\":\"https:\/\/www.healthyou.it\/?s={search_term_string}\"},\"query-input\":\"required name=search_term_string\"}],\"inLanguage\":\"es-ES\"},{\"@type\":\"Organization\",\"@id\":\"https:\/\/www.healthyou.it\/#organization\",\"name\":\"HealthYou\",\"url\":\"https:\/\/www.healthyou.it\/\",\"logo\":{\"@type\":\"ImageObject\",\"inLanguage\":\"es-ES\",\"@id\":\"https:\/\/www.healthyou.it\/#\/schema\/logo\/image\/\",\"url\":\"https:\/\/www.healthyou.it\/wp-content\/uploads\/2023\/05\/cropped-cropped-cropped-Healthyou.png\",\"contentUrl\":\"https:\/\/www.healthyou.it\/wp-content\/uploads\/2023\/05\/cropped-cropped-cropped-Healthyou.png\",\"width\":945,\"height\":278,\"caption\":\"HealthYou\"},\"image\":{\"@id\":\"https:\/\/www.healthyou.it\/#\/schema\/logo\/image\/\"}}]}<\/script>\n<!-- \/ Yoast SEO plugin. -->","yoast_head_json":{"title":"Devoluciones y reembolsos - HealthYou","robots":{"index":"index","follow":"follow","max-snippet":"max-snippet:-1","max-image-preview":"max-image-preview:large","max-video-preview":"max-video-preview:-1"},"canonical":"https:\/\/www.healthyou.it\/es\/resi-e-rimborsi\/","og_locale":"es_ES","og_type":"article","og_title":"Devoluciones y reembolsos - HealthYou","og_description":"Devoluciones y reembolsos Para cancelar la compra, el cliente deber\u00e1 comunicar su voluntad a Healthyou en un plazo no superior a 10 d\u00edas h\u00e1biles desde la recepci\u00f3n de los productos adquiridos. La comunicaci\u00f3n deber\u00e1 realizarse por correo electr\u00f3nico, para confirmarse en las 48 horas siguientes mediante carta certificada con acuse de recibo que se enviar\u00e1 [&hellip;]","og_url":"https:\/\/www.healthyou.it\/es\/resi-e-rimborsi\/","og_site_name":"HealthYou","article_modified_time":"2024-01-17T16:00:06+00:00","twitter_card":"summary_large_image","twitter_misc":{"Est. reading time":"2 minutes"},"schema":{"@context":"https:\/\/schema.org","@graph":[{"@type":"WebPage","@id":"https:\/\/www.healthyou.it\/es\/resi-e-rimborsi\/","url":"https:\/\/www.healthyou.it\/es\/resi-e-rimborsi\/","name":"Devoluciones y reembolsos - HealthYou","isPartOf":{"@id":"https:\/\/www.healthyou.it\/#website"},"datePublished":"2023-05-26T09:50:50+00:00","dateModified":"2024-01-17T16:00:06+00:00","inLanguage":"es-ES","potentialAction":[{"@type":"ReadAction","target":["https:\/\/www.healthyou.it\/es\/resi-e-rimborsi\/"]}]},{"@type":"WebSite","@id":"https:\/\/www.healthyou.it\/#website","url":"https:\/\/www.healthyou.it\/","name":"HealthYou","description":"Healthy by Nature","publisher":{"@id":"https:\/\/www.healthyou.it\/#organization"},"potentialAction":[{"@type":"SearchAction","target":{"@type":"EntryPoint","urlTemplate":"https:\/\/www.healthyou.it\/?s={search_term_string}"},"query-input":"required name=search_term_string"}],"inLanguage":"es-ES"},{"@type":"Organization","@id":"https:\/\/www.healthyou.it\/#organization","name":"HealthYou","url":"https:\/\/www.healthyou.it\/","logo":{"@type":"ImageObject","inLanguage":"es-ES","@id":"https:\/\/www.healthyou.it\/#\/schema\/logo\/image\/","url":"https:\/\/www.healthyou.it\/wp-content\/uploads\/2023\/05\/cropped-cropped-cropped-Healthyou.png","contentUrl":"https:\/\/www.healthyou.it\/wp-content\/uploads\/2023\/05\/cropped-cropped-cropped-Healthyou.png","width":945,"height":278,"caption":"HealthYou"},"image":{"@id":"https:\/\/www.healthyou.it\/#\/schema\/logo\/image\/"}}]}},"uagb_featured_image_src":{"full":false,"thumbnail":false,"medium":false,"medium_large":false,"large":false,"1536x1536":false,"2048x2048":false,"woocommerce_archive_thumbnail":false,"woocommerce_thumbnail":false,"woocommerce_single":false,"woocommerce_gallery_thumbnail":false},"uagb_author_info":{"display_name":"Giorgia Garotta","author_link":"https:\/\/www.healthyou.it\/es\/author\/giorgia\/"},"uagb_comment_info":0,"uagb_excerpt":"Devoluciones y reembolsos Para cancelar la compra, el cliente deber\u00e1 comunicar su voluntad a Healthyou en un plazo no superior a 10 d\u00edas h\u00e1biles desde la recepci\u00f3n de los productos adquiridos. La comunicaci\u00f3n deber\u00e1 realizarse por correo electr\u00f3nico, para confirmarse en las 48 horas siguientes mediante carta certificada con acuse de recibo que se enviar\u00e1&hellip;","_links":{"self":[{"href":"https:\/\/www.healthyou.it\/es\/wp-json\/wp\/v2\/pages\/11659"}],"collection":[{"href":"https:\/\/www.healthyou.it\/es\/wp-json\/wp\/v2\/pages"}],"about":[{"href":"https:\/\/www.healthyou.it\/es\/wp-json\/wp\/v2\/types\/page"}],"author":[{"embeddable":true,"href":"https:\/\/www.healthyou.it\/es\/wp-json\/wp\/v2\/users\/8"}],"replies":[{"embeddable":true,"href":"https:\/\/www.healthyou.it\/es\/wp-json\/wp\/v2\/comments?post=11659"}],"version-history":[{"count":2,"href":"https:\/\/www.healthyou.it\/es\/wp-json\/wp\/v2\/pages\/11659\/revisions"}],"predecessor-version":[{"id":11662,"href":"https:\/\/www.healthyou.it\/es\/wp-json\/wp\/v2\/pages\/11659\/revisions\/11662"}],"wp:attachment":[{"href":"https:\/\/www.healthyou.it\/es\/wp-json\/wp\/v2\/media?parent=11659"}],"curies":[{"name":"wp","href":"https:\/\/api.w.org\/{rel}","templated":true}]}}