{"id":11627,"date":"2023-05-30T14:34:24","date_gmt":"2023-05-30T13:34:24","guid":{"rendered":"https:\/\/www.healthyou.it\/chi-siamo\/"},"modified":"2024-01-17T11:58:25","modified_gmt":"2024-01-17T10:58:25","slug":"quienes-somos","status":"publish","type":"page","link":"https:\/\/www.healthyou.it\/es\/quienes-somos\/","title":{"rendered":"Quienes somos"},"content":{"rendered":"\n<div class=\"wp-block-media-text has-media-on-the-right is-stacked-on-mobile is-image-fill\"><div class=\"wp-block-media-text__content\">\n<h3 class=\"wp-block-heading\">Quienes somos<\/h3>\n\n\n\n<p>\u00a1Bienvenido a HealthYou!<\/p>\n\n\n\n<p>Somos un equipo apasionado por la salud y el bienestar, comprometido en proporcionar informaci\u00f3n confiable y \u00fatil para ayudarte a llevar una vida saludable y feliz. Nos dedicamos a promover un estilo de vida equilibrado, fomentando elecciones conscientes y brindando recursos pr\u00e1cticos para cuidar de tu cuerpo y mente.<\/p>\n\n\n\n<p>Nuestra misi\u00f3n es proporcionar productos de calidad basados en evidencia cient\u00edfica, presentados de manera accesible y comprensible.<\/p>\n\n\n\n<p>En HealthYou, creemos que la buena salud no se trata solo de la ausencia de enfermedades, sino tambi\u00e9n de lograr un estado general de bienestar. Queremos ser tu fuente de inspiraci\u00f3n y motivaci\u00f3n para adoptar h\u00e1bitos positivos que fomenten tu bienestar a largo plazo.<\/p>\n\n\n\n<p>Somos conscientes de que cada individuo es \u00fanico, por lo que ofrecemos informaci\u00f3n y consejos adaptables a diversas necesidades y estilos de vida. Estamos aqu\u00ed para responder tus preguntas y brindarte los recursos necesarios para cuidar de ti mismo y de tu salud.<\/p>\n\n\n\n<p>Gracias por elegir HealthYou. Estamos aqu\u00ed para ti en cada paso del camino hacia la salud y el bienestar.<\/p>\n\n\n\n<p>El equipo de HealthYou<\/p>\n\n\n\n<h3 class=\"wp-block-heading\">Calidad<\/h3>\n\n\n\n<p>La salud y el bienestar de las personas son los valores que nos preocupan. Por esta raz\u00f3n, decidimos construir un equipo capaz de identificar y seleccionar los productos que mejor puedan satisfacer las necesidades de quienes buscan su equilibrio natural. La selecci\u00f3n de fabricantes y materias primas utilizadas es la base de ofrecer un producto de excelencia.<\/p>\n\n\n\n<p>Es con este objetivo que nace HealthYou, un portal donde puedes elegir con tranquilidad los productos dedicados a tu bienestar, seguros de su calidad y funcionalidad.<\/p>\n\n\n\n<h3 class=\"wp-block-heading\">Confianza<\/h3>\n\n\n\n<p>El objetivo de HealthYou es proporcionar a sus clientes productos de alta calidad, siempre a precios sostenibles.<\/p>\n\n\n\n<p>Todos los productos comercializados en nuestro portal son seleccionados de antemano, a trav\u00e9s de una elecci\u00f3n espec\u00edfica y un conocimiento profundo de nuestros socios comerciales. Construimos con ellos una relaci\u00f3n de colaboraci\u00f3n y confianza que se traduce en una garant\u00eda real de calidad para nuestros clientes.<\/p>\n<\/div><figure class=\"wp-block-media-text__media\" style=\"background-image:url(https:\/\/www.healthyou.it\/wp-content\/uploads\/2023\/05\/two-people-lab-coats-feeling-good-smiling-1024x681.jpg);background-position:57% 53%\"><img decoding=\"async\" loading=\"lazy\" width=\"1024\" height=\"681\" src=\"https:\/\/www.healthyou.it\/wp-content\/uploads\/2023\/05\/two-people-lab-coats-feeling-good-smiling-1024x681.jpg\" alt=\"\" class=\"wp-image-10004 size-full\" srcset=\"https:\/\/www.healthyou.it\/wp-content\/uploads\/2023\/05\/two-people-lab-coats-feeling-good-smiling-1024x681.jpg 1024w, https:\/\/www.healthyou.it\/wp-content\/uploads\/2023\/05\/two-people-lab-coats-feeling-good-smiling-scaled-600x399.jpg 600w, https:\/\/www.healthyou.it\/wp-content\/uploads\/2023\/05\/two-people-lab-coats-feeling-good-smiling-300x200.jpg 300w, https:\/\/www.healthyou.it\/wp-content\/uploads\/2023\/05\/two-people-lab-coats-feeling-good-smiling-768x511.jpg 768w, https:\/\/www.healthyou.it\/wp-content\/uploads\/2023\/05\/two-people-lab-coats-feeling-good-smiling-1536x1022.jpg 1536w, https:\/\/www.healthyou.it\/wp-content\/uploads\/2023\/05\/two-people-lab-coats-feeling-good-smiling-2048x1363.jpg 2048w\" sizes=\"(max-width: 1024px) 100vw, 1024px\" \/><\/figure><\/div>\n","protected":false},"excerpt":{"rendered":"<p>Quienes somos \u00a1Bienvenido a HealthYou! Somos un equipo apasionado por la salud y el bienestar, comprometido en proporcionar informaci\u00f3n confiable y \u00fatil para ayudarte a llevar una vida saludable y feliz. Nos dedicamos a promover un estilo de vida equilibrado, fomentando elecciones conscientes y brindando recursos pr\u00e1cticos para cuidar de tu cuerpo y mente. Nuestra [&hellip;]<\/p>\n","protected":false},"author":8,"featured_media":0,"parent":0,"menu_order":0,"comment_status":"closed","ping_status":"closed","template":"","meta":{"_uag_custom_page_level_css":""},"blocksy_meta":[],"featured_image_urls":{"full":"","thumbnail":"","medium":"","medium_large":"","large":"","1536x1536":"","2048x2048":"","woocommerce_archive_thumbnail":"","woocommerce_thumbnail":"","woocommerce_single":"","woocommerce_gallery_thumbnail":""},"post_excerpt_stackable":"<p>Quienes somos \u00a1Bienvenido a HealthYou! Somos un equipo apasionado por la salud y el bienestar, comprometido en proporcionar informaci\u00f3n confiable y \u00fatil para ayudarte a llevar una vida saludable y feliz. Nos dedicamos a promover un estilo de vida equilibrado, fomentando elecciones conscientes y brindando recursos pr\u00e1cticos para cuidar de tu cuerpo y mente. Nuestra misi\u00f3n es proporcionar productos de calidad basados en evidencia cient\u00edfica, presentados de manera accesible y comprensible. En HealthYou, creemos que la buena salud no se trata solo de la ausencia de enfermedades, sino tambi\u00e9n de lograr un estado general de bienestar. Queremos ser tu fuente&hellip;<\/p>\n","category_list":"","author_info":{"name":"Giorgia Garotta","url":"https:\/\/www.healthyou.it\/es\/author\/giorgia\/"},"comments_num":"0 comments","yoast_head":"<!-- This site is optimized with the Yoast SEO plugin v21.3 - https:\/\/yoast.com\/wordpress\/plugins\/seo\/ -->\n<title>Quienes somos - HealthYou<\/title>\n<meta name=\"robots\" content=\"index, follow, max-snippet:-1, max-image-preview:large, max-video-preview:-1\" \/>\n<link rel=\"canonical\" href=\"https:\/\/www.healthyou.it\/chi-siamo\/\" \/>\n<meta property=\"og:locale\" content=\"es_ES\" \/>\n<meta property=\"og:type\" content=\"article\" \/>\n<meta property=\"og:title\" content=\"Quienes somos - HealthYou\" \/>\n<meta property=\"og:description\" content=\"Quienes somos \u00a1Bienvenido a HealthYou! Somos un equipo apasionado por la salud y el bienestar, comprometido en proporcionar informaci\u00f3n confiable y \u00fatil para ayudarte a llevar una vida saludable y feliz. Nos dedicamos a promover un estilo de vida equilibrado, fomentando elecciones conscientes y brindando recursos pr\u00e1cticos para cuidar de tu cuerpo y mente. Nuestra [&hellip;]\" \/>\n<meta property=\"og:url\" content=\"https:\/\/www.healthyou.it\/chi-siamo\/\" \/>\n<meta property=\"og:site_name\" content=\"HealthYou\" \/>\n<meta property=\"article:modified_time\" content=\"2024-01-17T10:58:25+00:00\" \/>\n<meta property=\"og:image\" content=\"https:\/\/www.healthyou.it\/wp-content\/uploads\/2023\/05\/two-people-lab-coats-feeling-good-smiling-1024x681.jpg\" \/>\n<meta name=\"twitter:card\" content=\"summary_large_image\" \/>\n<meta name=\"twitter:label1\" content=\"Est. reading time\" \/>\n\t<meta name=\"twitter:data1\" content=\"2 minutes\" \/>\n<script type=\"application\/ld+json\" class=\"yoast-schema-graph\">{\"@context\":\"https:\/\/schema.org\",\"@graph\":[{\"@type\":\"WebPage\",\"@id\":\"https:\/\/www.healthyou.it\/chi-siamo\/\",\"url\":\"https:\/\/www.healthyou.it\/chi-siamo\/\",\"name\":\"Quienes somos - HealthYou\",\"isPartOf\":{\"@id\":\"https:\/\/www.healthyou.it\/#website\"},\"datePublished\":\"2023-05-30T13:34:24+00:00\",\"dateModified\":\"2024-01-17T10:58:25+00:00\",\"inLanguage\":\"es-ES\",\"potentialAction\":[{\"@type\":\"ReadAction\",\"target\":[\"https:\/\/www.healthyou.it\/chi-siamo\/\"]}]},{\"@type\":\"WebSite\",\"@id\":\"https:\/\/www.healthyou.it\/#website\",\"url\":\"https:\/\/www.healthyou.it\/\",\"name\":\"HealthYou\",\"description\":\"Healthy by Nature\",\"publisher\":{\"@id\":\"https:\/\/www.healthyou.it\/#organization\"},\"potentialAction\":[{\"@type\":\"SearchAction\",\"target\":{\"@type\":\"EntryPoint\",\"urlTemplate\":\"https:\/\/www.healthyou.it\/?s={search_term_string}\"},\"query-input\":\"required name=search_term_string\"}],\"inLanguage\":\"es-ES\"},{\"@type\":\"Organization\",\"@id\":\"https:\/\/www.healthyou.it\/#organization\",\"name\":\"HealthYou\",\"url\":\"https:\/\/www.healthyou.it\/\",\"logo\":{\"@type\":\"ImageObject\",\"inLanguage\":\"es-ES\",\"@id\":\"https:\/\/www.healthyou.it\/#\/schema\/logo\/image\/\",\"url\":\"https:\/\/www.healthyou.it\/wp-content\/uploads\/2023\/05\/cropped-cropped-cropped-Healthyou.png\",\"contentUrl\":\"https:\/\/www.healthyou.it\/wp-content\/uploads\/2023\/05\/cropped-cropped-cropped-Healthyou.png\",\"width\":945,\"height\":278,\"caption\":\"HealthYou\"},\"image\":{\"@id\":\"https:\/\/www.healthyou.it\/#\/schema\/logo\/image\/\"}}]}<\/script>\n<!-- \/ Yoast SEO plugin. -->","yoast_head_json":{"title":"Quienes somos - HealthYou","robots":{"index":"index","follow":"follow","max-snippet":"max-snippet:-1","max-image-preview":"max-image-preview:large","max-video-preview":"max-video-preview:-1"},"canonical":"https:\/\/www.healthyou.it\/chi-siamo\/","og_locale":"es_ES","og_type":"article","og_title":"Quienes somos - HealthYou","og_description":"Quienes somos \u00a1Bienvenido a HealthYou! Somos un equipo apasionado por la salud y el bienestar, comprometido en proporcionar informaci\u00f3n confiable y \u00fatil para ayudarte a llevar una vida saludable y feliz. Nos dedicamos a promover un estilo de vida equilibrado, fomentando elecciones conscientes y brindando recursos pr\u00e1cticos para cuidar de tu cuerpo y mente. Nuestra [&hellip;]","og_url":"https:\/\/www.healthyou.it\/chi-siamo\/","og_site_name":"HealthYou","article_modified_time":"2024-01-17T10:58:25+00:00","og_image":[{"url":"https:\/\/www.healthyou.it\/wp-content\/uploads\/2023\/05\/two-people-lab-coats-feeling-good-smiling-1024x681.jpg"}],"twitter_card":"summary_large_image","twitter_misc":{"Est. reading time":"2 minutes"},"schema":{"@context":"https:\/\/schema.org","@graph":[{"@type":"WebPage","@id":"https:\/\/www.healthyou.it\/chi-siamo\/","url":"https:\/\/www.healthyou.it\/chi-siamo\/","name":"Quienes somos - HealthYou","isPartOf":{"@id":"https:\/\/www.healthyou.it\/#website"},"datePublished":"2023-05-30T13:34:24+00:00","dateModified":"2024-01-17T10:58:25+00:00","inLanguage":"es-ES","potentialAction":[{"@type":"ReadAction","target":["https:\/\/www.healthyou.it\/chi-siamo\/"]}]},{"@type":"WebSite","@id":"https:\/\/www.healthyou.it\/#website","url":"https:\/\/www.healthyou.it\/","name":"HealthYou","description":"Healthy by Nature","publisher":{"@id":"https:\/\/www.healthyou.it\/#organization"},"potentialAction":[{"@type":"SearchAction","target":{"@type":"EntryPoint","urlTemplate":"https:\/\/www.healthyou.it\/?s={search_term_string}"},"query-input":"required name=search_term_string"}],"inLanguage":"es-ES"},{"@type":"Organization","@id":"https:\/\/www.healthyou.it\/#organization","name":"HealthYou","url":"https:\/\/www.healthyou.it\/","logo":{"@type":"ImageObject","inLanguage":"es-ES","@id":"https:\/\/www.healthyou.it\/#\/schema\/logo\/image\/","url":"https:\/\/www.healthyou.it\/wp-content\/uploads\/2023\/05\/cropped-cropped-cropped-Healthyou.png","contentUrl":"https:\/\/www.healthyou.it\/wp-content\/uploads\/2023\/05\/cropped-cropped-cropped-Healthyou.png","width":945,"height":278,"caption":"HealthYou"},"image":{"@id":"https:\/\/www.healthyou.it\/#\/schema\/logo\/image\/"}}]}},"uagb_featured_image_src":{"full":false,"thumbnail":false,"medium":false,"medium_large":false,"large":false,"1536x1536":false,"2048x2048":false,"woocommerce_archive_thumbnail":false,"woocommerce_thumbnail":false,"woocommerce_single":false,"woocommerce_gallery_thumbnail":false},"uagb_author_info":{"display_name":"Giorgia Garotta","author_link":"https:\/\/www.healthyou.it\/es\/author\/giorgia\/"},"uagb_comment_info":0,"uagb_excerpt":"Quienes somos \u00a1Bienvenido a HealthYou! Somos un equipo apasionado por la salud y el bienestar, comprometido en proporcionar informaci\u00f3n confiable y \u00fatil para ayudarte a llevar una vida saludable y feliz. Nos dedicamos a promover un estilo de vida equilibrado, fomentando elecciones conscientes y brindando recursos pr\u00e1cticos para cuidar de tu cuerpo y mente. Nuestra&hellip;","_links":{"self":[{"href":"https:\/\/www.healthyou.it\/es\/wp-json\/wp\/v2\/pages\/11627"}],"collection":[{"href":"https:\/\/www.healthyou.it\/es\/wp-json\/wp\/v2\/pages"}],"about":[{"href":"https:\/\/www.healthyou.it\/es\/wp-json\/wp\/v2\/types\/page"}],"author":[{"embeddable":true,"href":"https:\/\/www.healthyou.it\/es\/wp-json\/wp\/v2\/users\/8"}],"replies":[{"embeddable":true,"href":"https:\/\/www.healthyou.it\/es\/wp-json\/wp\/v2\/comments?post=11627"}],"version-history":[{"count":2,"href":"https:\/\/www.healthyou.it\/es\/wp-json\/wp\/v2\/pages\/11627\/revisions"}],"predecessor-version":[{"id":11649,"href":"https:\/\/www.healthyou.it\/es\/wp-json\/wp\/v2\/pages\/11627\/revisions\/11649"}],"wp:attachment":[{"href":"https:\/\/www.healthyou.it\/es\/wp-json\/wp\/v2\/media?parent=11627"}],"curies":[{"name":"wp","href":"https:\/\/api.w.org\/{rel}","templated":true}]}}