{"id":11624,"date":"2023-05-26T10:55:00","date_gmt":"2023-05-26T09:55:00","guid":{"rendered":"https:\/\/www.healthyou.it\/contatti\/"},"modified":"2024-01-17T11:58:35","modified_gmt":"2024-01-17T10:58:35","slug":"contactos","status":"publish","type":"page","link":"https:\/\/www.healthyou.it\/es\/contactos\/","title":{"rendered":"Contactos"},"content":{"rendered":"\n<div class=\"wp-block-stackable-heading stk-block-heading stk-block-heading--v2 stk-block stk-e683033\" id=\"puedes-ponerte-en-contacto-con-nosotros-de-diversas-maneras-segun-tus-necesidades\" data-block-id=\"e683033\"><h2 class=\"stk-block-heading__text has-text-align-center stk-block-heading--use-theme-margins\">Puedes ponerte en contacto con nosotros de diversas maneras seg\u00fan tus necesidades!<\/h2><\/div>\n\n\n\n<p class=\"has-text-align-center\">Nuestro Servicio al Cliente est\u00e1 disponible <strong>de 9:00 a 13:00 y de 14:30 a 17:30<\/strong><\/p>\n\n\n\n<div class=\"wp-block-stackable-columns stk-block-columns stk-block stk-6ecbe1f\" data-block-id=\"6ecbe1f\"><style>.stk-6ecbe1f{margin-bottom:15px !important}<\/style><div class=\"stk-row stk-inner-blocks stk-block-content stk-content-align stk-6ecbe1f-column\">\n<div class=\"wp-block-stackable-column stk-block-column stk-column stk-block stk-7ec6a74\" data-v=\"4\" data-block-id=\"7ec6a74\"><style>.stk-7ec6a74{padding-left:40% !important;margin-top:10px !important}@media screen and (max-width:767px){.stk-7ec6a74-container{margin-left:0px !important;padding-left:0px !important}.stk-7ec6a74{margin-left:-84px !important}}<\/style><div class=\"stk-column-wrapper stk-block-column__content stk-container stk-7ec6a74-container stk--no-background stk--no-padding\"><div class=\"has-text-align-center stk-block-content stk-inner-blocks stk-7ec6a74-inner-blocks\"><style>.kt-info-box11624_f1171f-f6 .kt-blocks-info-box-link-wrap{border-top-left-radius:0px;border-top-right-radius:0px;border-bottom-right-radius:0px;border-bottom-left-radius:0px;background:rgba(255, 255, 255, 0);padding-top:0px;padding-right:0px;padding-bottom:0px;padding-left:0px;}.kt-info-box11624_f1171f-f6 .kt-blocks-info-box-link-wrap:hover{background:rgba(255, 255, 255, 0);}.kt-info-box11624_f1171f-f6 .kt-info-svg-icon, .kt-info-box11624_f1171f-f6 .kt-info-svg-icon-flip, .kt-info-box11624_f1171f-f6 .kt-blocks-info-box-number{font-size:25px;}.kt-info-box11624_f1171f-f6 .kt-blocks-info-box-media{color:var(--theme-palette-color-2, #ff9900);background:rgba(255,255,255,0);border-color:#eeeeee;border-top-width:0px;border-right-width:0px;border-bottom-width:0px;border-left-width:0px;padding-top:0px;padding-right:0px;padding-bottom:0px;padding-left:0px;margin-top:0px;margin-right:10px;margin-bottom:0px;margin-left:0px;}.kt-info-box11624_f1171f-f6 .kt-blocks-info-box-link-wrap:hover .kt-blocks-info-box-media{color:var(--theme-palette-color-2, #ff9900);background:rgba(255,255,255,0);border-color:#eeeeee;}.kt-info-box11624_f1171f-f6 h3.kt-blocks-info-box-title{color:var(--theme-palette-color-2, #ff9900);padding-top:0px;padding-right:0px;padding-bottom:0px;padding-left:0px;margin-top:5px;margin-right:0px;margin-bottom:10px;margin-left:0px;}.kt-info-box11624_f1171f-f6 .kt-infobox-textcontent .kt-blocks-info-box-text{color:#555555;}.kt-info-box11624_f1171f-f6 .kt-blocks-info-box-learnmore{background:transparent;border-color:#555555;border-width:0px 0px 0px 0px;padding-top:4px;padding-right:8px;padding-bottom:4px;padding-left:8px;margin:10px 0px 10px 0px;}.kt-info-box11624_f1171f-f6 .kt-blocks-info-box-link-wrap:hover .kt-blocks-info-box-learnmore{color:#ffffff;background:#444444;border-color:#444444;}<\/style>\n<div class=\"wp-block-kadence-infobox kt-info-box11624_f1171f-f6\"><span class=\"kt-blocks-info-box-link-wrap info-box-link kt-blocks-info-box-media-align-left kt-info-halign-center\"><div class=\"kt-blocks-info-box-media-container\"><div class=\"kt-blocks-info-box-media kt-info-media-animate-none\"><div class=\"kadence-info-box-icon-container kt-info-icon-animate-none\"><div class=\"kadence-info-box-icon-inner-container\"><span class=\"kb-svg-icon-wrap kb-svg-icon-fas_phone kt-info-svg-icon\"><svg viewBox=\"0 0 512 512\"  fill=\"currentColor\" xmlns=\"http:\/\/www.w3.org\/2000\/svg\" ><path d=\"M493.4 24.6l-104-24c-11.3-2.6-22.9 3.3-27.5 13.9l-48 112c-4.2 9.8-1.4 21.3 6.9 28l60.6 49.6c-36 76.7-98.9 140.5-177.2 177.2l-49.6-60.6c-6.8-8.3-18.2-11.1-28-6.9l-112 48C3.9 366.5-2 378.1.6 389.4l24 104C27.1 504.2 36.7 512 48 512c256.1 0 464-207.5 464-464 0-11.2-7.7-20.9-18.6-23.4z\"\/><\/svg><\/span><\/div><\/div><\/div><\/div><div class=\"kt-infobox-textcontent\"><h3 class=\"kt-blocks-info-box-title\"><strong>06 91511058<\/strong><\/h3><\/div><\/span><\/div>\n<\/div><\/div><\/div>\n<\/div><\/div>\n\n\n\n<div class=\"wp-block-stackable-heading aligncenter stk-block-heading stk-block-heading--v2 stk-block stk-88a6e94\" id=\"scrivi-per-informazioni-generali-per-chiedere-dettagli-sul-sito-e-sui-prodotti-che-intendi-acquistare-br-o-per-informazioni-o-variazioni-sugli-ordini-effettuati\" data-block-id=\"88a6e94\"><style>.stk-88a6e94{margin-bottom:0px !important}.stk-88a6e94 .stk-block-heading__text{color:var(--theme-palette-color-1,#00a097) !important}<\/style><h5 class=\"stk-block-heading__text has-text-color has-text-align-center stk-block-heading--use-theme-margins\">Escribe para obtener informaci\u00f3n general, para solicitar detalles sobre el sitio y los productos que deseas comprar o para obtener informaci\u00f3n o hacer cambios en los pedidos realizados.<\/h5><\/div>\n\n\n<style>.kb-row-layout-id11624_470843-df > .kt-row-column-wrap{align-content:start;}:where(.kb-row-layout-id11624_470843-df > .kt-row-column-wrap) > .wp-block-kadence-column{justify-content:start;}.kb-row-layout-id11624_470843-df > .kt-row-column-wrap{column-gap:var(--global-kb-gap-md, 2rem);row-gap:var(--global-kb-gap-md, 2rem);padding-top:25px;padding-right:100px;padding-bottom:0px;padding-left:100px;grid-template-columns:minmax(0, 1fr);}.kb-row-layout-id11624_470843-df > .kt-row-layout-overlay{opacity:0.30;}@media all and (max-width: 1024px){.kb-row-layout-id11624_470843-df > .kt-row-column-wrap{grid-template-columns:minmax(0, 1fr);}}@media all and (max-width: 767px){.kb-row-layout-id11624_470843-df > .kt-row-column-wrap{padding-right:0px;padding-left:0px;grid-template-columns:minmax(0, 1fr);}}<\/style><div class=\"kb-row-layout-wrap kb-row-layout-id11624_470843-df aligncenter wp-block-kadence-rowlayout\"><div class=\"kt-row-column-wrap kt-has-1-columns kt-row-layout-equal kt-tab-layout-inherit kt-mobile-layout-row kt-row-valign-top\">\n<style>.kadence-column11624_08f2c4-a0 > .kt-inside-inner-col,.kadence-column11624_08f2c4-a0 > .kt-inside-inner-col:before{border-top-left-radius:37px;border-top-right-radius:37px;border-bottom-right-radius:37px;border-bottom-left-radius:37px;}.kadence-column11624_08f2c4-a0 > .kt-inside-inner-col:before{opacity:0.3;}.kadence-column11624_08f2c4-a0{position:relative;}<\/style>\n<div class=\"wp-block-kadence-column kadence-column11624_08f2c4-a0 inner-column-1\"><div class=\"kt-inside-inner-col\"><style>.kadence-form-11624_b524a9-ba .kb-form .kadence-blocks-form-field .kb-text-style-field, .kadence-form-11624_b524a9-ba .kb-form .kadence-blocks-form-field .kb-select-style-field{border-radius:0px;border-width:1px 1px 1px 1px;}.kadence-form-11624_b524a9-ba .kb-form .kadence-blocks-form-field .kb-forms-submit{color:#ffffff;border-radius:50px;background:#ff9900;}.kadence-form-11624_b524a9-ba .kb-form .kadence-blocks-form-field .kb-forms-submit:hover, .kadence-form-11624_b524a9-ba .kb-form .kadence-blocks-form-field .kb-forms-submit:focus {color:#ffffff;background:#00a097;}.kadence-form-11624_b524a9-ba .kb-form .kadence-blocks-form-field .kb-forms-submit{font-family:Open Sans;font-style:normal;font-weight:600;}<\/style>\n<div class=\"wp-block-kadence-form kadence-form-11624_b524a9-ba kb-form-wrap alignwide\"><form class=\"kb-form\" action=\"\" method=\"post\"><div class=\"kadence-blocks-form-field kb-field-desk-width-50 kb-input-size-standard\"><label for=\"kb_field_11624_b524a9-ba_0\">Nombre<span class=\"required\">*<\/span><\/label><input name=\"kb_field_0\" id=\"kb_field_11624_b524a9-ba_0\" data-label=\"Nombre\" type=\"text\" placeholder=\"\" value=\"\" data-type=\"text\" class=\"kb-field kb-text-style-field kb-text-field kb-field-0\" data-required=\"yes\"\/><\/div><div class=\"kadence-blocks-form-field kb-form-field-1 kb-field-desk-width-50 kb-input-size-standard\"><label for=\"kb_field_11624_b524a9-ba_1\">Apellido<span class=\"required\">*<\/span><\/label><input name=\"kb_field_1\" id=\"kb_field_11624_b524a9-ba_1\" data-label=\"Apellido\" type=\"text\" placeholder=\"\" value=\"\" data-type=\"text\" class=\"kb-field kb-text-style-field kb-text-field kb-field-1\" data-required=\"yes\"\/><\/div><div class=\"kadence-blocks-form-field kb-form-field-2 kb-field-desk-width-100 kb-input-size-standard\"><label for=\"kb_field_11624_b524a9-ba_2\">Email<span class=\"required\">*<\/span><\/label><input name=\"kb_field_2\" id=\"kb_field_11624_b524a9-ba_2\" data-label=\"Email\" type=\"email\" placeholder=\"\" value=\"\" data-type=\"email\" class=\"kb-field kb-text-style-field kb-email-field kb-field-2\" data-required=\"yes\"\/><\/div><div class=\"kadence-blocks-form-field kb-form-field-3 kb-field-desk-width-100 kb-input-size-standard\"><label for=\"kb_field_11624_b524a9-ba_3\">Mensaje<span class=\"required\">*<\/span><\/label><textarea name=\"kb_field_3\" id=\"kb_field_11624_b524a9-ba_3\" data-label=\"Mensaje\" type=\"textarea\" placeholder=\"\" data-type=\"textarea\" class=\"kb-field kb-text-style-field kb-textarea-field kb-field-3\" rows=\"4\" data-required=\"yes\"><\/textarea><\/div><div class=\"kadence-blocks-form-field kb-form-field-4 kb-field-desk-width-100 kb-input-size-standard kb-accept-form-field\"><a href=\"\/privacy-policy\/\" target=\"_blank\" rel=\"noopener noreferrer\" class=\"kb-accept-link\">Lee la pol\u00edtica de privacidad<\/a><input type=\"checkbox\" name=\"kb_field_4\" id=\"kb_field_11624_b524a9-ba_4\" class=\"kb-field kb-checkbox-style kb-accept\" value=\"accept\" data-type=\"accept\"\/><label for=\"kb_field_11624_b524a9-ba_4\">He le\u00eddo y comprendido la pol\u00edtica de privacidad.<\/label><\/div><input type=\"hidden\" name=\"_kb_form_id\" value=\"11624_b524a9-ba\"\/><input type=\"hidden\" name=\"_kb_form_post_id\" value=\"11624\"\/><input type=\"hidden\" name=\"action\" value=\"kb_process_ajax_submit\"\/><input class=\"kadence-blocks-field verify\" type=\"text\" name=\"_kb_verify_email\" autocomplete=\"new-password\" aria-hidden=\"true\" placeholder=\"Email\" tabindex=\"-1\" data-1p-ignore=\"true\" data-lpignore=\"true\" \/><div class=\"kadence-blocks-form-field kb-submit-field kb-field-desk-width-unset\"><button class=\"kb-forms-submit button kb-button-size-custom kb-button-width-auto\">Enviar<\/button><\/div><\/form><\/div>\n<noscript><div class=\"kadence-blocks-form-message kadence-blocks-form-warning\">Please enable JavaScript in your browser to submit the form<\/div><style>.kadence-form-11624_b524a9-ba .kadence-blocks-form-field.kb-submit-field { display: none; }<\/style><\/noscript><\/div><\/div>\n\n<\/div><\/div>","protected":false},"excerpt":{"rendered":"<p>Puedes ponerte en contacto con nosotros de diversas maneras seg\u00fan tus necesidades! Nuestro Servicio al Cliente est\u00e1 disponible de 9:00 a 13:00 y de 14:30 a 17:30 Escribe para obtener informaci\u00f3n general, para solicitar detalles sobre el sitio y los productos que deseas comprar o para obtener informaci\u00f3n o hacer cambios en los pedidos realizados.<\/p>\n","protected":false},"author":8,"featured_media":0,"parent":0,"menu_order":0,"comment_status":"closed","ping_status":"closed","template":"","meta":{"_uag_custom_page_level_css":""},"blocksy_meta":[],"featured_image_urls":{"full":"","thumbnail":"","medium":"","medium_large":"","large":"","1536x1536":"","2048x2048":"","woocommerce_archive_thumbnail":"","woocommerce_thumbnail":"","woocommerce_single":"","woocommerce_gallery_thumbnail":""},"post_excerpt_stackable":"<p>Puedes ponerte en contacto con nosotros de diversas maneras seg\u00fan tus necesidades! Nuestro Servicio al Cliente est\u00e1 disponible de 9:00 a 13:00 y de 14:30 a 17:30 06 91511058 Escribe para obtener informaci\u00f3n general, para solicitar detalles sobre el sitio y los productos que deseas comprar o para obtener informaci\u00f3n o hacer cambios en los pedidos realizados. Nombre*Apellido*Email*Mensaje*Lee la pol\u00edtica de privacidadHe le\u00eddo y comprendido la pol\u00edtica de privacidad.Enviar Please enable JavaScript in your browser to submit the form<\/p>\n","category_list":"","author_info":{"name":"Giorgia Garotta","url":"https:\/\/www.healthyou.it\/es\/author\/giorgia\/"},"comments_num":"0 comments","yoast_head":"<!-- This site is optimized with the Yoast SEO plugin v21.3 - https:\/\/yoast.com\/wordpress\/plugins\/seo\/ -->\n<title>Contactos - HealthYou<\/title>\n<meta name=\"robots\" content=\"index, follow, max-snippet:-1, max-image-preview:large, max-video-preview:-1\" \/>\n<link rel=\"canonical\" href=\"https:\/\/www.healthyou.it\/contatti\/\" \/>\n<meta property=\"og:locale\" content=\"es_ES\" \/>\n<meta property=\"og:type\" content=\"article\" \/>\n<meta property=\"og:title\" content=\"Contactos - HealthYou\" \/>\n<meta property=\"og:description\" content=\"Puedes ponerte en contacto con nosotros de diversas maneras seg\u00fan tus necesidades! Nuestro Servicio al Cliente est\u00e1 disponible de 9:00 a 13:00 y de 14:30 a 17:30 Escribe para obtener informaci\u00f3n general, para solicitar detalles sobre el sitio y los productos que deseas comprar o para obtener informaci\u00f3n o hacer cambios en los pedidos realizados.\" \/>\n<meta property=\"og:url\" content=\"https:\/\/www.healthyou.it\/contatti\/\" \/>\n<meta property=\"og:site_name\" content=\"HealthYou\" \/>\n<meta property=\"article:modified_time\" content=\"2024-01-17T10:58:35+00:00\" \/>\n<meta name=\"twitter:card\" content=\"summary_large_image\" \/>\n<meta name=\"twitter:label1\" content=\"Est. reading time\" \/>\n\t<meta name=\"twitter:data1\" content=\"1 minute\" \/>\n<script type=\"application\/ld+json\" class=\"yoast-schema-graph\">{\"@context\":\"https:\/\/schema.org\",\"@graph\":[{\"@type\":\"WebPage\",\"@id\":\"https:\/\/www.healthyou.it\/contatti\/\",\"url\":\"https:\/\/www.healthyou.it\/contatti\/\",\"name\":\"Contactos - HealthYou\",\"isPartOf\":{\"@id\":\"https:\/\/www.healthyou.it\/#website\"},\"datePublished\":\"2023-05-26T09:55:00+00:00\",\"dateModified\":\"2024-01-17T10:58:35+00:00\",\"inLanguage\":\"es-ES\",\"potentialAction\":[{\"@type\":\"ReadAction\",\"target\":[\"https:\/\/www.healthyou.it\/contatti\/\"]}]},{\"@type\":\"WebSite\",\"@id\":\"https:\/\/www.healthyou.it\/#website\",\"url\":\"https:\/\/www.healthyou.it\/\",\"name\":\"HealthYou\",\"description\":\"Healthy by Nature\",\"publisher\":{\"@id\":\"https:\/\/www.healthyou.it\/#organization\"},\"potentialAction\":[{\"@type\":\"SearchAction\",\"target\":{\"@type\":\"EntryPoint\",\"urlTemplate\":\"https:\/\/www.healthyou.it\/?s={search_term_string}\"},\"query-input\":\"required name=search_term_string\"}],\"inLanguage\":\"es-ES\"},{\"@type\":\"Organization\",\"@id\":\"https:\/\/www.healthyou.it\/#organization\",\"name\":\"HealthYou\",\"url\":\"https:\/\/www.healthyou.it\/\",\"logo\":{\"@type\":\"ImageObject\",\"inLanguage\":\"es-ES\",\"@id\":\"https:\/\/www.healthyou.it\/#\/schema\/logo\/image\/\",\"url\":\"https:\/\/www.healthyou.it\/wp-content\/uploads\/2023\/05\/cropped-cropped-cropped-Healthyou.png\",\"contentUrl\":\"https:\/\/www.healthyou.it\/wp-content\/uploads\/2023\/05\/cropped-cropped-cropped-Healthyou.png\",\"width\":945,\"height\":278,\"caption\":\"HealthYou\"},\"image\":{\"@id\":\"https:\/\/www.healthyou.it\/#\/schema\/logo\/image\/\"}}]}<\/script>\n<!-- \/ Yoast SEO plugin. -->","yoast_head_json":{"title":"Contactos - HealthYou","robots":{"index":"index","follow":"follow","max-snippet":"max-snippet:-1","max-image-preview":"max-image-preview:large","max-video-preview":"max-video-preview:-1"},"canonical":"https:\/\/www.healthyou.it\/contatti\/","og_locale":"es_ES","og_type":"article","og_title":"Contactos - HealthYou","og_description":"Puedes ponerte en contacto con nosotros de diversas maneras seg\u00fan tus necesidades! Nuestro Servicio al Cliente est\u00e1 disponible de 9:00 a 13:00 y de 14:30 a 17:30 Escribe para obtener informaci\u00f3n general, para solicitar detalles sobre el sitio y los productos que deseas comprar o para obtener informaci\u00f3n o hacer cambios en los pedidos realizados.","og_url":"https:\/\/www.healthyou.it\/contatti\/","og_site_name":"HealthYou","article_modified_time":"2024-01-17T10:58:35+00:00","twitter_card":"summary_large_image","twitter_misc":{"Est. reading time":"1 minute"},"schema":{"@context":"https:\/\/schema.org","@graph":[{"@type":"WebPage","@id":"https:\/\/www.healthyou.it\/contatti\/","url":"https:\/\/www.healthyou.it\/contatti\/","name":"Contactos - HealthYou","isPartOf":{"@id":"https:\/\/www.healthyou.it\/#website"},"datePublished":"2023-05-26T09:55:00+00:00","dateModified":"2024-01-17T10:58:35+00:00","inLanguage":"es-ES","potentialAction":[{"@type":"ReadAction","target":["https:\/\/www.healthyou.it\/contatti\/"]}]},{"@type":"WebSite","@id":"https:\/\/www.healthyou.it\/#website","url":"https:\/\/www.healthyou.it\/","name":"HealthYou","description":"Healthy by Nature","publisher":{"@id":"https:\/\/www.healthyou.it\/#organization"},"potentialAction":[{"@type":"SearchAction","target":{"@type":"EntryPoint","urlTemplate":"https:\/\/www.healthyou.it\/?s={search_term_string}"},"query-input":"required name=search_term_string"}],"inLanguage":"es-ES"},{"@type":"Organization","@id":"https:\/\/www.healthyou.it\/#organization","name":"HealthYou","url":"https:\/\/www.healthyou.it\/","logo":{"@type":"ImageObject","inLanguage":"es-ES","@id":"https:\/\/www.healthyou.it\/#\/schema\/logo\/image\/","url":"https:\/\/www.healthyou.it\/wp-content\/uploads\/2023\/05\/cropped-cropped-cropped-Healthyou.png","contentUrl":"https:\/\/www.healthyou.it\/wp-content\/uploads\/2023\/05\/cropped-cropped-cropped-Healthyou.png","width":945,"height":278,"caption":"HealthYou"},"image":{"@id":"https:\/\/www.healthyou.it\/#\/schema\/logo\/image\/"}}]}},"uagb_featured_image_src":{"full":false,"thumbnail":false,"medium":false,"medium_large":false,"large":false,"1536x1536":false,"2048x2048":false,"woocommerce_archive_thumbnail":false,"woocommerce_thumbnail":false,"woocommerce_single":false,"woocommerce_gallery_thumbnail":false},"uagb_author_info":{"display_name":"Giorgia Garotta","author_link":"https:\/\/www.healthyou.it\/es\/author\/giorgia\/"},"uagb_comment_info":0,"uagb_excerpt":"Puedes ponerte en contacto con nosotros de diversas maneras seg\u00fan tus necesidades! Nuestro Servicio al Cliente est\u00e1 disponible de 9:00 a 13:00 y de 14:30 a 17:30 Escribe para obtener informaci\u00f3n general, para solicitar detalles sobre el sitio y los productos que deseas comprar o para obtener informaci\u00f3n o hacer cambios en los pedidos realizados.","_links":{"self":[{"href":"https:\/\/www.healthyou.it\/es\/wp-json\/wp\/v2\/pages\/11624"}],"collection":[{"href":"https:\/\/www.healthyou.it\/es\/wp-json\/wp\/v2\/pages"}],"about":[{"href":"https:\/\/www.healthyou.it\/es\/wp-json\/wp\/v2\/types\/page"}],"author":[{"embeddable":true,"href":"https:\/\/www.healthyou.it\/es\/wp-json\/wp\/v2\/users\/8"}],"replies":[{"embeddable":true,"href":"https:\/\/www.healthyou.it\/es\/wp-json\/wp\/v2\/comments?post=11624"}],"version-history":[{"count":2,"href":"https:\/\/www.healthyou.it\/es\/wp-json\/wp\/v2\/pages\/11624\/revisions"}],"predecessor-version":[{"id":11648,"href":"https:\/\/www.healthyou.it\/es\/wp-json\/wp\/v2\/pages\/11624\/revisions\/11648"}],"wp:attachment":[{"href":"https:\/\/www.healthyou.it\/es\/wp-json\/wp\/v2\/media?parent=11624"}],"curies":[{"name":"wp","href":"https:\/\/api.w.org\/{rel}","templated":true}]}}